{"id":2064,"date":"2024-11-07T14:24:20","date_gmt":"2024-11-07T14:24:20","guid":{"rendered":"https:\/\/ebbinghaus.eu\/succession-dentreprise\/"},"modified":"2025-07-23T11:43:58","modified_gmt":"2025-07-23T11:43:58","slug":"succession-dentreprise","status":"publish","type":"page","link":"https:\/\/ebbinghaus.eu\/fr\/succession-dentreprise\/","title":{"rendered":"Succession d&rsquo;entreprise"},"content":{"rendered":"<p>[et_pb_section fb_built=\u00a0\u00bb1&Prime; custom_padding_last_edited=\u00a0\u00bbon|phone\u00a0\u00bb _builder_version=\u00a0\u00bb4.27.3&Prime; _module_preset=\u00a0\u00bbdefault\u00a0\u00bb custom_margin=\u00a0\u00bb||||false|false\u00a0\u00bb custom_padding=\u00a0\u00bb170px||||false|false\u00a0\u00bb custom_padding_tablet=\u00a0\u00bb170px||||false|false\u00a0\u00bb custom_padding_phone=\u00a0\u00bb0px||||false|false\u00a0\u00bb global_colors_info=\u00a0\u00bb{}\u00a0\u00bb][et_pb_row _builder_version=\u00a0\u00bb4.27.2&Prime; _module_preset=\u00a0\u00bbdefault\u00a0\u00bb custom_margin=\u00a0\u00bb50px||100px||false|false\u00a0\u00bb custom_padding=\u00a0\u00bb||0px||false|false\u00a0\u00bb global_colors_info=\u00a0\u00bb{}\u00a0\u00bb][et_pb_column type=\u00a0\u00bb4_4&Prime; _builder_version=\u00a0\u00bb4.22.1&Prime; _module_preset=\u00a0\u00bbdefault\u00a0\u00bb global_colors_info=\u00a0\u00bb{}\u00a0\u00bb][et_pb_text _builder_version=\u00a0\u00bb4.27.2&Prime; _module_preset=\u00a0\u00bbdefault\u00a0\u00bb header_font=\u00a0\u00bbopensans||||||||\u00a0\u00bb header_font_size=\u00a0\u00bb16px\u00a0\u00bb header_2_font_size=\u00a0\u00bb16px\u00a0\u00bb global_colors_info=\u00a0\u00bb{}\u00a0\u00bb]<\/p>\n<h2>Succession patrimoniale<\/h2>\n<p>[\/et_pb_text][et_pb_text content_tablet=\u00a0\u00bb<\/p>\n<h1>Succession d&apos;entreprise : la cl\u00e9 d&apos;une transition en douceur<\/h1>\n<p>\u00a0\u00bb content_phone=\u00a0\u00bb<\/p>\n<h1>Succession d&apos;entreprise : la cl\u00e9 d&apos;une transition en douceur<\/h1>\n<p>\u00a0\u00bb content_last_edited=\u00a0\u00bbon|phone\u00a0\u00bb _builder_version=\u00a0\u00bb4.27.3&Prime; _module_preset=\u00a0\u00bbdefault\u00a0\u00bb header_font=\u00a0\u00bbopensans|500||on|||||\u00a0\u00bb header_font_size=\u00a0\u00bb46px\u00a0\u00bb header_line_height=\u00a0\u00bb1.3em\u00a0\u00bb header_2_font=\u00a0\u00bbopensans|500||on|||||\u00a0\u00bb header_2_font_size=\u00a0\u00bb46px\u00a0\u00bb header_2_line_height=\u00a0\u00bb1.3em\u00a0\u00bb header_font_size_tablet=\u00a0\u00bb46px\u00a0\u00bb header_font_size_phone=\u00a0\u00bb30px\u00a0\u00bb header_font_size_last_edited=\u00a0\u00bbon|phone\u00a0\u00bb header_2_font_size_tablet=\u00a0\u00bb46px\u00a0\u00bb header_2_font_size_phone=\u00a0\u00bb30px\u00a0\u00bb header_2_font_size_last_edited=\u00a0\u00bbon|phone\u00a0\u00bb global_colors_info=\u00a0\u00bb{}\u00a0\u00bb]<\/p>\n<h1>Succession d&rsquo;entreprise : la cl\u00e9 d&rsquo;une transition en douceur<\/h1>\n<p>[\/et_pb_text][et_pb_text _builder_version=\u00a0\u00bb4.27.4&Prime; _module_preset=\u00a0\u00bbdefault\u00a0\u00bb text_font=\u00a0\u00bbopensans|300|||||||\u00a0\u00bb text_font_size=\u00a0\u00bb16px\u00a0\u00bb text_line_height=\u00a0\u00bb2em\u00a0\u00bb header_font=\u00a0\u00bbopensans||||||||\u00a0\u00bb header_font_size=\u00a0\u00bb16px\u00a0\u00bb header_2_font=\u00a0\u00bbopensans|500||on|||||\u00a0\u00bb header_2_font_size=\u00a0\u00bb60px\u00a0\u00bb header_2_line_height=\u00a0\u00bb1.3em\u00a0\u00bb width=\u00a0\u00bb88%\u00a0\u00bb width_tablet=\u00a0\u00bb88%\u00a0\u00bb width_phone=\u00a0\u00bb100%\u00a0\u00bb width_last_edited=\u00a0\u00bbon|phone\u00a0\u00bb custom_margin=\u00a0\u00bb||0px||false|false\u00a0\u00bb custom_padding=\u00a0\u00bb||0px||false|false\u00a0\u00bb global_colors_info=\u00a0\u00bb{}\u00a0\u00bb]<\/p>\n<p>La succession d&rsquo;une entreprise est un processus critique qui n\u00e9cessite une planification et une pr\u00e9paration minutieuses. Qu&rsquo;il s&rsquo;agisse d&rsquo;une transmission \u00e0 la g\u00e9n\u00e9ration suivante, d&rsquo;une vente \u00e0 un tiers ou de l&rsquo;implication des employ\u00e9s, il est essentiel de pr\u00e9parer l&rsquo;entreprise \u00e0 l&rsquo;avance. <\/p>\n<p>Nous vous proposons des solutions sur mesure pour transmettre avec succ\u00e8s l&rsquo;\u0153uvre de votre vie \u00e0 la g\u00e9n\u00e9ration suivante. Nous vous aidons \u00e0 assurer une transmission en douceur et \u00e0 planifier strat\u00e9giquement votre patrimoine afin de pr\u00e9server vos valeurs \u00e0 long terme. Ensemble, nous \u00e9laborons une solution personnalis\u00e9e qui tient compte \u00e0 la fois des valeurs de l&rsquo;entreprise et de vos objectifs personnels.  <\/p>\n<p>[\/et_pb_text][\/et_pb_column][\/et_pb_row][et_pb_row _builder_version=\u00a0\u00bb4.27.2&Prime; _module_preset=\u00a0\u00bbdefault\u00a0\u00bb custom_margin=\u00a0\u00bb50px||50px||true|false\u00a0\u00bb global_colors_info=\u00a0\u00bb{}\u00a0\u00bb][et_pb_column type=\u00a0\u00bb4_4&Prime; _builder_version=\u00a0\u00bb4.22.1&Prime; _module_preset=\u00a0\u00bbdefault\u00a0\u00bb global_colors_info=\u00a0\u00bb{}\u00a0\u00bb][et_pb_text _builder_version=\u00a0\u00bb4.27.2&Prime; _module_preset=\u00a0\u00bbdefault\u00a0\u00bb header_font=\u00a0\u00bbopensans||||||||\u00a0\u00bb header_font_size=\u00a0\u00bb16px\u00a0\u00bb header_2_font=\u00a0\u00bbopensans|500||on|||||\u00a0\u00bb header_2_font_size=\u00a0\u00bb38px\u00a0\u00bb header_2_line_height=\u00a0\u00bb1.3em\u00a0\u00bb header_3_font=\u00a0\u00bbopensans|500||on|||||\u00a0\u00bb header_3_font_size=\u00a0\u00bb38px\u00a0\u00bb header_3_line_height=\u00a0\u00bb1.3em\u00a0\u00bb custom_margin=\u00a0\u00bb||||false|false\u00a0\u00bb custom_padding=\u00a0\u00bb0px||||false|false\u00a0\u00bb header_2_font_size_tablet=\u00a0\u00bb46px\u00a0\u00bb header_2_font_size_phone=\u00a0\u00bb26px\u00a0\u00bb header_2_font_size_last_edited=\u00a0\u00bbon|phone\u00a0\u00bb header_3_font_size_tablet=\u00a0\u00bb38px\u00a0\u00bb header_3_font_size_phone=\u00a0\u00bb25px\u00a0\u00bb header_3_font_size_last_edited=\u00a0\u00bbon|phone\u00a0\u00bb global_colors_info=\u00a0\u00bb{}\u00a0\u00bb]<\/p>\n<h3>Nos services :<\/h3>\n<p>[\/et_pb_text][et_pb_text _builder_version=\u00a0\u00bb4.27.4&Prime; _module_preset=\u00a0\u00bbdefault\u00a0\u00bb text_font=\u00a0\u00bbopensans|300|||||||\u00a0\u00bb text_font_size=\u00a0\u00bb20px\u00a0\u00bb text_line_height=\u00a0\u00bb2.5em\u00a0\u00bb ul_line_height=\u00a0\u00bb1.7em\u00a0\u00bb header_font=\u00a0\u00bbopensans||||||||\u00a0\u00bb header_font_size=\u00a0\u00bb16px\u00a0\u00bb header_2_font=\u00a0\u00bbopensans|500||on|||||\u00a0\u00bb header_2_font_size=\u00a0\u00bb60px\u00a0\u00bb header_2_line_height=\u00a0\u00bb1.3em\u00a0\u00bb width=\u00a0\u00bb88%\u00a0\u00bb width_tablet=\u00a0\u00bb88%\u00a0\u00bb width_phone=\u00a0\u00bb100%\u00a0\u00bb width_last_edited=\u00a0\u00bbon|phone\u00a0\u00bb custom_padding=\u00a0\u00bb||0px||false|false\u00a0\u00bb text_font_size_tablet=\u00a0\u00bb22px\u00a0\u00bb text_font_size_phone=\u00a0\u00bb18px\u00a0\u00bb text_font_size_last_edited=\u00a0\u00bbon|phone\u00a0\u00bb global_colors_info=\u00a0\u00bb{}\u00a0\u00bb]<\/p>\n<ul>\n<li><strong>Planification de la succession<br \/><\/strong>Cr\u00e9ation d&rsquo;un plan de succession sur mesure qui tient compte de vos besoins et objectifs sp\u00e9cifiques.<\/li>\n<\/ul>\n<ul>\n<li><strong>Conseil fiscal<br \/><\/strong>Analyse des cons\u00e9quences fiscales de la succession d&rsquo;entreprise et \u00e9laboration de strat\u00e9gies visant \u00e0 minimiser les charges fiscales.<\/li>\n<\/ul>\n<ul>\n<li><strong>Assistance juridique<br \/><\/strong><span>Assistance \u00e0 la r\u00e9daction et \u00e0 la r\u00e9vision de tous les contrats et documents juridiques n\u00e9cessaires dans des domaines sp\u00e9cialis\u00e9s adjacents.<\/span><\/li>\n<\/ul>\n<ul>\n<li><strong>\u00c9valuation de l&rsquo;entreprise<br \/><\/strong>R\u00e9aliser une \u00e9valuation approfondie de l&rsquo;entreprise afin d&rsquo;en d\u00e9terminer la juste valeur.<\/li>\n<\/ul>\n<ul>\n<li><strong>Implication des employ\u00e9s<br \/><\/strong>Conseils sur l&rsquo;implication des employ\u00e9s dans le processus de succession afin d&rsquo;assurer la motivation et la continuit\u00e9.<\/li>\n<\/ul>\n<p>[\/et_pb_text][\/et_pb_column][\/et_pb_row][et_pb_row _builder_version=\u00a0\u00bb4.22.1&Prime; _module_preset=\u00a0\u00bbdefault\u00a0\u00bb custom_margin=\u00a0\u00bb50px||50px||true|false\u00a0\u00bb global_colors_info=\u00a0\u00bb{}\u00a0\u00bb][et_pb_column type=\u00a0\u00bb4_4&Prime; _builder_version=\u00a0\u00bb4.22.1&Prime; _module_preset=\u00a0\u00bbdefault\u00a0\u00bb global_colors_info=\u00a0\u00bb{}\u00a0\u00bb][et_pb_text _builder_version=\u00a0\u00bb4.27.3&Prime; _module_preset=\u00a0\u00bbdefault\u00a0\u00bb text_font=\u00a0\u00bbopensans|700|||||||\u00a0\u00bb text_font_size=\u00a0\u00bb16px\u00a0\u00bb text_line_height=\u00a0\u00bb2em\u00a0\u00bb width=\u00a0\u00bb59%\u00a0\u00bb width_tablet=\u00a0\u00bb50%\u00a0\u00bb width_phone=\u00a0\u00bb100%\u00a0\u00bb width_last_edited=\u00a0\u00bbon|phone\u00a0\u00bb locked=\u00a0\u00bboff\u00a0\u00bb global_colors_info=\u00a0\u00bb{}\u00a0\u00bb]<\/p>\n<p><strong>Faites confiance \u00e0 notre expertise pour r\u00e9ussir votre succession d&rsquo;entreprise. Contactez-nous pour obtenir des conseils personnalis\u00e9s.<\/strong><\/p>\n<p>[\/et_pb_text][et_pb_divimenus_flex hide_button=\u00a0\u00bbon\u00a0\u00bb menu_button_background_color=\u00a0\u00bb#000000&Prime; _builder_version=\u00a0\u00bb4.27.4&Prime; _module_preset=\u00a0\u00bbdefault\u00a0\u00bb background_color=\u00a0\u00bbRGBA(255,255,255,0)\u00a0\u00bb hover_enabled=\u00a0\u00bb0&Prime; locked=\u00a0\u00bboff\u00a0\u00bb global_colors_info=\u00a0\u00bb{}\u00a0\u00bb sticky_enabled=\u00a0\u00bb0&Prime;][et_pb_divimenus_flex_item title=\u00a0\u00bbEntretien de conseil\u00a0\u00bb text_use_icon=\u00a0\u00bbon\u00a0\u00bb text_font_icon=\u00a0\u00bb&#x26;||divi||400&Prime; text_icon_pos=\u00a0\u00bbright\u00a0\u00bb text_icon_font_size=\u00a0\u00bb16px\u00a0\u00bb url=\u00a0\u00bb@ET-DC@eyJkeW5hbWljIjp0cnVlLCJjb250ZW50IjoicG9zdF9saW5rX3VybF9wYWdlIiwic2V0dGluZ3MiOnsicG9zdF9pZCI6Ijk0In19@\u00a0\u00bb _builder_version=\u00a0\u00bb4.27.4&Prime; _module_preset=\u00a0\u00bbdefault\u00a0\u00bb item_font=\u00a0\u00bbopensans|600|||||||\u00a0\u00bb item_text_color=\u00a0\u00bb#FFFFFF\u00a0\u00bb item_font_size=\u00a0\u00bb14px\u00a0\u00bb background_color=\u00a0\u00bb#0a4398&Prime; background_enable_color=\u00a0\u00bbon\u00a0\u00bb custom_padding=\u00a0\u00bb|24px||24px|false|true\u00a0\u00bb hover_enabled=\u00a0\u00bb0&Prime; global_colors_info=\u00a0\u00bb{}\u00a0\u00bb background__hover_enabled=\u00a0\u00bbon|hover\u00a0\u00bb background_color__hover=\u00a0\u00bb#3f3f3f\u00a0\u00bb background_enable_color__hover=\u00a0\u00bbon\u00a0\u00bb text_icon_padding__hover_enabled=\u00a0\u00bbon|hover\u00a0\u00bb text_icon_padding__hover=\u00a0\u00bb0.8em\u00a0\u00bb direction=\u00a0\u00bbrow\u00a0\u00bb force_fullwidth=\u00a0\u00bboff\u00a0\u00bb _dynamic_attributes=\u00a0\u00bburl\u00a0\u00bb sticky_enabled=\u00a0\u00bb0&Prime;][\/et_pb_divimenus_flex_item][\/et_pb_divimenus_flex][\/et_pb_column][\/et_pb_row][\/et_pb_section]<\/p>\n","protected":false},"excerpt":{"rendered":"<p>Succession patrimonialeSuccession d&rsquo;entreprise : la cl\u00e9 d&rsquo;une transition en douceurLa succession d&rsquo;une entreprise est un processus critique qui n\u00e9cessite une planification et une pr\u00e9paration minutieuses. Qu&rsquo;il s&rsquo;agisse d&rsquo;une transmission \u00e0 la g\u00e9n\u00e9ration suivante, d&rsquo;une vente \u00e0 un tiers ou de l&rsquo;implication des employ\u00e9s, il est essentiel de pr\u00e9parer l&rsquo;entreprise \u00e0 l&rsquo;avance. Nous vous proposons des [&hellip;]<\/p>\n","protected":false},"author":1,"featured_media":0,"parent":0,"menu_order":0,"comment_status":"closed","ping_status":"closed","template":"","meta":{"_seopress_robots_primary_cat":"","_seopress_titles_title":"Succession d'entreprise : pour une transition en douceur","_seopress_titles_desc":"La succession d'une entreprise est un processus critique qui n\u00e9cessite une planification et une pr\u00e9paration minutieuses.","_seopress_robots_index":"","_et_pb_use_builder":"on","_et_pb_old_content":"","_et_gb_content_width":"","footnotes":""},"class_list":["post-2064","page","type-page","status-publish","hentry"],"_links":{"self":[{"href":"https:\/\/ebbinghaus.eu\/fr\/wp-json\/wp\/v2\/pages\/2064","targetHints":{"allow":["GET"]}}],"collection":[{"href":"https:\/\/ebbinghaus.eu\/fr\/wp-json\/wp\/v2\/pages"}],"about":[{"href":"https:\/\/ebbinghaus.eu\/fr\/wp-json\/wp\/v2\/types\/page"}],"author":[{"embeddable":true,"href":"https:\/\/ebbinghaus.eu\/fr\/wp-json\/wp\/v2\/users\/1"}],"replies":[{"embeddable":true,"href":"https:\/\/ebbinghaus.eu\/fr\/wp-json\/wp\/v2\/comments?post=2064"}],"version-history":[{"count":4,"href":"https:\/\/ebbinghaus.eu\/fr\/wp-json\/wp\/v2\/pages\/2064\/revisions"}],"predecessor-version":[{"id":2171,"href":"https:\/\/ebbinghaus.eu\/fr\/wp-json\/wp\/v2\/pages\/2064\/revisions\/2171"}],"wp:attachment":[{"href":"https:\/\/ebbinghaus.eu\/fr\/wp-json\/wp\/v2\/media?parent=2064"}],"curies":[{"name":"wp","href":"https:\/\/api.w.org\/{rel}","templated":true}]}}