{"id":2031,"date":"2023-09-21T14:05:22","date_gmt":"2023-09-21T14:05:22","guid":{"rendered":"https:\/\/ebbinghaus.eu\/contact\/"},"modified":"2025-07-23T14:49:30","modified_gmt":"2025-07-23T14:49:30","slug":"contact","status":"publish","type":"page","link":"https:\/\/ebbinghaus.eu\/fr\/contact\/","title":{"rendered":"Contact"},"content":{"rendered":"<p>[et_pb_section fb_built=\u00a0\u00bb1&Prime; fullwidth=\u00a0\u00bbon\u00a0\u00bb _builder_version=\u00a0\u00bb4.22.1&Prime; _module_preset=\u00a0\u00bbdefault\u00a0\u00bb custom_margin=\u00a0\u00bb||||false|false\u00a0\u00bb custom_padding=\u00a0\u00bb||||false|false\u00a0\u00bb global_colors_info=\u00a0\u00bb{}\u00a0\u00bb][et_pb_fullwidth_image src=\u00a0\u00bbhttps:\/\/ebbinghaus.eu\/wp-content\/uploads\/2024\/11\/header_Kontakt_Ebbinghaus.jpg\u00a0\u00bb alt=\u00a0\u00bbConseil fiscal Solingen Contact\u00a0\u00bb title_text=\u00a0\u00bbheader_Contact_Ebbinghaus\u00a0\u00bb src_tablet=\u00a0\u00bbhttps:\/\/ebbinghaus.eu\/wp-content\/uploads\/2023\/09\/header_kontakt_steuerberater_pflegedienste.jpg\u00a0\u00bb src_phone=\u00a0\u00bbhttps:\/\/ebbinghaus.eu\/wp-content\/uploads\/2023\/10\/header_mobile_Kontakt_Ebbinghaus_01.jpg\u00a0\u00bb src_last_edited=\u00a0\u00bbon|desktop\u00a0\u00bb _builder_version=\u00a0\u00bb4.27.2&Prime; _module_preset=\u00a0\u00bbdefault\u00a0\u00bb filter_hue_rotate=\u00a0\u00bb1deg\u00a0\u00bb filter_saturate=\u00a0\u00bb85%\u00a0\u00bb filter_brightness=\u00a0\u00bb94%\u00a0\u00bb filter_contrast=\u00a0\u00bb119%\u00a0\u00bb global_colors_info=\u00a0\u00bb{}\u00a0\u00bb][\/et_pb_fullwidth_image][\/et_pb_section][et_pb_section fb_built=\u00a0\u00bb1&Prime; custom_padding_last_edited=\u00a0\u00bbon|phone\u00a0\u00bb _builder_version=\u00a0\u00bb4.22.2&Prime; _module_preset=\u00a0\u00bbdefault\u00a0\u00bb background_color=\u00a0\u00bb#f0f3f5&Prime; custom_padding=\u00a0\u00bb124px||122px|||\u00a0\u00bb custom_padding_tablet=\u00a0\u00bb124px||122px|||\u00a0\u00bb custom_padding_phone=\u00a0\u00bb40px||1px||false|false\u00a0\u00bb global_colors_info=\u00a0\u00bb{}\u00a0\u00bb][et_pb_row _builder_version=\u00a0\u00bb4.23&Prime; _module_preset=\u00a0\u00bbdefault\u00a0\u00bb custom_margin_tablet=\u00a0\u00bb\u00a0\u00bb custom_margin_phone=\u00a0\u00bb55px||||false|false\u00a0\u00bb custom_margin_last_edited=\u00a0\u00bbon|phone\u00a0\u00bb global_colors_info=\u00a0\u00bb{}\u00a0\u00bb][et_pb_column type=\u00a0\u00bb4_4&Prime; _builder_version=\u00a0\u00bb4.22.2&Prime; _module_preset=\u00a0\u00bbdefault\u00a0\u00bb global_colors_info=\u00a0\u00bb{}\u00a0\u00bb][et_pb_text _builder_version=\u00a0\u00bb4.22.2&Prime; _module_preset=\u00a0\u00bbdefault\u00a0\u00bb header_font=\u00a0\u00bbopensans||||||||\u00a0\u00bb header_font_size=\u00a0\u00bb16px\u00a0\u00bb header_line_height_tablet=\u00a0\u00bb\u00a0\u00bb header_line_height_phone=\u00a0\u00bb1.6em\u00a0\u00bb header_line_height_last_edited=\u00a0\u00bbon|phone\u00a0\u00bb global_colors_info=\u00a0\u00bb{}\u00a0\u00bb]<\/p>\n<h1>Conseil fiscal aux entreprises<\/h1>\n<p>[\/et_pb_text][et_pb_text _builder_version=\u00a0\u00bb4.22.2&Prime; _module_preset=\u00a0\u00bbdefault\u00a0\u00bb header_2_font=\u00a0\u00bbopensans|500||on|||||\u00a0\u00bb header_2_font_size=\u00a0\u00bb46px\u00a0\u00bb header_2_line_height=\u00a0\u00bb1.3em\u00a0\u00bb custom_margin=\u00a0\u00bb||59px|||\u00a0\u00bb custom_margin_tablet=\u00a0\u00bb||59px|||\u00a0\u00bb custom_margin_phone=\u00a0\u00bb||40px||false|false\u00a0\u00bb custom_margin_last_edited=\u00a0\u00bbon|phone\u00a0\u00bb header_2_font_size_tablet=\u00a0\u00bb46px\u00a0\u00bb header_2_font_size_phone=\u00a0\u00bb30px\u00a0\u00bb header_2_font_size_last_edited=\u00a0\u00bbon|phone\u00a0\u00bb global_colors_info=\u00a0\u00bb{}\u00a0\u00bb]<\/p>\n<h2>Apprendre \u00e0 se conna\u00eetre<br \/><\/h2>\n<p>[\/et_pb_text][et_pb_text _builder_version=\u00a0\u00bb4.23&Prime; _module_preset=\u00a0\u00bbdefault\u00a0\u00bb text_font=\u00a0\u00bbopensans||||||||\u00a0\u00bb text_text_color=\u00a0\u00bb#000000&Prime; text_font_size=\u00a0\u00bb16px\u00a0\u00bb text_line_height=\u00a0\u00bb2em\u00a0\u00bb width=\u00a0\u00bb92%\u00a0\u00bb global_colors_info=\u00a0\u00bb{}\u00a0\u00bb]<strong>N&rsquo;h\u00e9sitez pas \u00e0 nous contacter. Ensemble, nous trouvons avec beaucoup de sensibilit\u00e9 la bonne compr\u00e9hension de vos souhaits.<\/strong>[\/et_pb_text][\/et_pb_column][\/et_pb_row][et_pb_row _builder_version=\u00a0\u00bb4.27.4&Prime; _module_preset=\u00a0\u00bbdefault\u00a0\u00bb background_color=\u00a0\u00bb#5a5e6c\u00a0\u00bb width_tablet=\u00a0\u00bb\u00a0\u00bb width_phone=\u00a0\u00bb100%\u00a0\u00bb width_last_edited=\u00a0\u00bbon|phone\u00a0\u00bb custom_margin=\u00a0\u00bb122px|auto||auto||\u00a0\u00bb custom_margin_tablet=\u00a0\u00bb122px|auto||auto||\u00a0\u00bb custom_margin_phone=\u00a0\u00bb50px|auto||auto|false|false\u00a0\u00bb custom_margin_last_edited=\u00a0\u00bbon|phone\u00a0\u00bb custom_padding=\u00a0\u00bb111px||111px||true|false\u00a0\u00bb global_colors_info=\u00a0\u00bb{}\u00a0\u00bb][et_pb_column type=\u00a0\u00bb4_4&Prime; _builder_version=\u00a0\u00bb4.22.2&Prime; _module_preset=\u00a0\u00bbdefault\u00a0\u00bb global_colors_info=\u00a0\u00bb{}\u00a0\u00bb][et_pb_text _builder_version=\u00a0\u00bb4.27.4&Prime; _module_preset=\u00a0\u00bbdefault\u00a0\u00bb header_2_text_color=\u00a0\u00bb#FFFFFF\u00a0\u00bb header_2_font_size=\u00a0\u00bb42px\u00a0\u00bb width=\u00a0\u00bb80%\u00a0\u00bb width_tablet=\u00a0\u00bb80%\u00a0\u00bb width_phone=\u00a0\u00bb90%\u00a0\u00bb width_last_edited=\u00a0\u00bbon|phone\u00a0\u00bb module_alignment=\u00a0\u00bbcenter\u00a0\u00bb global_colors_info=\u00a0\u00bb{}\u00a0\u00bb]<\/p>\n<h2>CONTACT.<\/h2>\n<p>[\/et_pb_text][et_pb_text _builder_version=\u00a0\u00bb4.27.4&Prime; _module_preset=\u00a0\u00bbdefault\u00a0\u00bb width=\u00a0\u00bb80%\u00a0\u00bb width_tablet=\u00a0\u00bb80%\u00a0\u00bb width_phone=\u00a0\u00bb90%\u00a0\u00bb width_last_edited=\u00a0\u00bbon|phone\u00a0\u00bb module_alignment=\u00a0\u00bbcenter\u00a0\u00bb hover_enabled=\u00a0\u00bb0&Prime; global_colors_info=\u00a0\u00bb{}\u00a0\u00bb sticky_enabled=\u00a0\u00bb0&Prime;]<\/p>\n\n<div class=\"wpcf7 no-js\" id=\"wpcf7-f2224-o1\" lang=\"fr-FR\" dir=\"ltr\" data-wpcf7-id=\"2224\">\n<div class=\"screen-reader-response\"><p role=\"status\" aria-live=\"polite\" aria-atomic=\"true\"><\/p> <ul><\/ul><\/div>\n<form action=\"\/fr\/wp-json\/wp\/v2\/pages\/2031#wpcf7-f2224-o1\" method=\"post\" class=\"wpcf7-form init\" aria-label=\"Formulaire de contact\" novalidate=\"novalidate\" data-status=\"init\">\n<fieldset class=\"hidden-fields-container\"><input type=\"hidden\" name=\"_wpcf7\" value=\"2224\" \/><input type=\"hidden\" name=\"_wpcf7_version\" value=\"6.1.5\" \/><input type=\"hidden\" name=\"_wpcf7_locale\" value=\"fr_FR\" \/><input type=\"hidden\" name=\"_wpcf7_unit_tag\" value=\"wpcf7-f2224-o1\" \/><input type=\"hidden\" name=\"_wpcf7_container_post\" value=\"0\" \/><input type=\"hidden\" name=\"_wpcf7_posted_data_hash\" value=\"\" \/>\n<\/fieldset>\n<div class=\"wpcf7-turnstile cf-turnstile\" data-sitekey=\"0x4AAAAAAByR2yzthaWRkldc\" data-response-field-name=\"_wpcf7_turnstile_response\"><\/div>\n\n<div class=\"uacf7-form-wrapper-container uacf7-form-2224  \"><label for=\"your-name\"> Votre nom*\n    <span class=\"wpcf7-form-control-wrap\" data-name=\"your-name\"><input size=\"40\" maxlength=\"400\" class=\"wpcf7-form-control wpcf7-text wpcf7-validates-as-required\" id=\"your-name\" autocomplete=\"name\" aria-required=\"true\" aria-invalid=\"false\" value=\"\" type=\"text\" name=\"your-name\" \/><\/span> <\/label>\n\n<label for=\"your-email\"> Votre adresse e-mail*\n    <span class=\"wpcf7-form-control-wrap\" data-name=\"your-email\"><input size=\"40\" maxlength=\"400\" class=\"wpcf7-form-control wpcf7-email wpcf7-validates-as-required wpcf7-text wpcf7-validates-as-email\" id=\"your-email\" autocomplete=\"email\" aria-required=\"true\" aria-invalid=\"false\" value=\"\" type=\"email\" name=\"your-email\" \/><\/span> <\/label>\n\n<label for=\"your-number\"> Votre num\u00e9ro de t\u00e9l\u00e9phone*\n    <span class=\"wpcf7-form-control-wrap\" data-name=\"tel-591\"><input size=\"40\" maxlength=\"400\" class=\"wpcf7-form-control wpcf7-tel wpcf7-validates-as-required wpcf7-text wpcf7-validates-as-tel\" id=\"your-number\" aria-required=\"true\" aria-invalid=\"false\" value=\"\" type=\"tel\" name=\"tel-591\" \/><\/span> <\/label>\n\n<label for=\"your-text\"> \u00c0 partir de quand souhaitez-vous cr\u00e9er votre entreprise ?\n    <span class=\"wpcf7-form-control-wrap\" data-name=\"text-673\"><input size=\"40\" maxlength=\"400\" class=\"wpcf7-form-control wpcf7-text\" id=\"your-text\" aria-invalid=\"false\" value=\"\" type=\"text\" name=\"text-673\" \/><\/span> <\/label>\n\n<label for=\"your-checkbox\"> Conseil fiscal pour particuliers <\/label>\n    <span class=\"wpcf7-form-control-wrap\" data-name=\"checkbox-103\"><span class=\"wpcf7-form-control wpcf7-checkbox\" id=\"your-checkbox\"><span class=\"wpcf7-list-item first\"><label><input type=\"checkbox\" name=\"checkbox-103[]\" value=\"Imp\u00f4t sur le revenu\" \/><span class=\"wpcf7-list-item-label\">Imp\u00f4t sur le revenu<\/span><\/label><\/span><span class=\"wpcf7-list-item last\"><label><input type=\"checkbox\" name=\"checkbox-103[]\" value=\"Optimisation fiscale \/ Droits de donation et de succession\" \/><span class=\"wpcf7-list-item-label\">Optimisation fiscale \/ Droits de donation et de succession<\/span><\/label><\/span><\/span><\/span> \n\n<label for=\"your-checkbox-2\"> Conseil fiscal pour entreprises <\/label>\n    <span class=\"wpcf7-form-control-wrap\" data-name=\"checkbox-555\"><span class=\"wpcf7-form-control wpcf7-checkbox\" id=\"your-checkbox-2\"><span class=\"wpcf7-list-item first\"><label><input type=\"checkbox\" name=\"checkbox-555[]\" value=\"Comptabilit\u00e9 financi\u00e8re\" \/><span class=\"wpcf7-list-item-label\">Comptabilit\u00e9 financi\u00e8re<\/span><\/label><\/span><span class=\"wpcf7-list-item\"><label><input type=\"checkbox\" name=\"checkbox-555[]\" value=\"Gestion de la paie\" \/><span class=\"wpcf7-list-item-label\">Gestion de la paie<\/span><\/label><\/span><span class=\"wpcf7-list-item\"><label><input type=\"checkbox\" name=\"checkbox-555[]\" value=\"\u00c9tablissement des comptes annuels \/ D\u00e9clarations fiscales d&#039;entreprise\" \/><span class=\"wpcf7-list-item-label\">\u00c9tablissement des comptes annuels \/ D\u00e9clarations fiscales d&#039;entreprise<\/span><\/label><\/span><span class=\"wpcf7-list-item\"><label><input type=\"checkbox\" name=\"checkbox-555[]\" value=\"Conseil \u00e0 la cr\u00e9ation d&#039;entreprise\" \/><span class=\"wpcf7-list-item-label\">Conseil \u00e0 la cr\u00e9ation d&#039;entreprise<\/span><\/label><\/span><span class=\"wpcf7-list-item last\"><label><input type=\"checkbox\" name=\"checkbox-555[]\" value=\"Conseil fiscal ou \u00e9conomique \/ optimisation de la gestion\" \/><span class=\"wpcf7-list-item-label\">Conseil fiscal ou \u00e9conomique \/ optimisation de la gestion<\/span><\/label><\/span><\/span><\/span> \n\n<div class=\"uacf7-row\"><div class=\"uacf7-col-6\">  \n\n<label for=\"your-text-2\"> \u00c2ge \/ Ann\u00e9e de cr\u00e9ation\n    <span class=\"wpcf7-form-control-wrap\" data-name=\"text-966\"><input size=\"40\" maxlength=\"400\" class=\"wpcf7-form-control wpcf7-text\" id=\"your-text-2\" aria-invalid=\"false\" value=\"\" type=\"text\" name=\"text-966\" \/><\/span> <\/label>\n\n<\/div><div class=\"uacf7-col-6\">\n\n<label for=\"your-text-3\"> Forme juridique\n    <span class=\"wpcf7-form-control-wrap\" data-name=\"text-672\"><input size=\"40\" maxlength=\"400\" class=\"wpcf7-form-control wpcf7-text\" id=\"your-text-3\" aria-invalid=\"false\" value=\"\" type=\"text\" name=\"text-672\" \/><\/span> <\/label>\n\n<\/div><\/div>\n<div class=\"uacf7-row\"><div class=\"uacf7-col-6\"> \n\n<label for=\"your-text-4\"> Nombre d'employ\u00e9s\n    <span class=\"wpcf7-form-control-wrap\" data-name=\"text-47\"><input size=\"40\" maxlength=\"400\" class=\"wpcf7-form-control wpcf7-text\" id=\"your-text-4\" aria-invalid=\"false\" value=\"\" type=\"text\" name=\"text-47\" \/><\/span> <\/label>\n\n<\/div><div class=\"uacf7-col-6\">\n\n<label for=\"your-text-5\"> Chiffre d'affaires annuel\n    <span class=\"wpcf7-form-control-wrap\" data-name=\"text-391\"><input size=\"40\" maxlength=\"400\" class=\"wpcf7-form-control wpcf7-text\" id=\"your-text-5\" aria-invalid=\"false\" value=\"\" type=\"text\" name=\"text-391\" \/><\/span> <\/label>\n<\/div><\/div>\n\n<label for=\"your-checkbox-3\"> Audit des comptes annuels <\/label>\n<span class=\"wpcf7-form-control-wrap\" data-name=\"checkbox-484\"><span class=\"wpcf7-form-control wpcf7-checkbox\" id=\"your-checkbox-3\"><span class=\"wpcf7-list-item first last\"><label><input type=\"checkbox\" name=\"checkbox-484[]\" value=\"Audit des comptes annuels\" \/><span class=\"wpcf7-list-item-label\">Audit des comptes annuels<\/span><\/label><\/span><\/span><\/span>\n\n<input class=\"wpcf7-form-control wpcf7-submit has-spinner\" type=\"submit\" value=\"Planifier un rendez-vous de conseil\" \/><\/div><div class=\"wpcf7-response-output\" aria-hidden=\"true\"><\/div>\n<\/form>\n<\/div>\n\n<p>[\/et_pb_text][et_pb_text _builder_version=\u00a0\u00bb4.27.4&Prime; _module_preset=\u00a0\u00bbdefault\u00a0\u00bb text_font=\u00a0\u00bbopensans|300|||||||\u00a0\u00bb text_text_color=\u00a0\u00bb#FFFFFF\u00a0\u00bb width=\u00a0\u00bb80%\u00a0\u00bb width_tablet=\u00a0\u00bb65%\u00a0\u00bb width_phone=\u00a0\u00bb90%\u00a0\u00bb width_last_edited=\u00a0\u00bbon|phone\u00a0\u00bb module_alignment=\u00a0\u00bbcenter\u00a0\u00bb custom_margin=\u00a0\u00bb55px||||false|false\u00a0\u00bb custom_padding=\u00a0\u00bb||||false|false\u00a0\u00bb custom_padding_tablet=\u00a0\u00bb|||60px|false|false\u00a0\u00bb custom_padding_phone=\u00a0\u00bb|||0px|false|false\u00a0\u00bb custom_padding_last_edited=\u00a0\u00bbon|tablet\u00a0\u00bb global_colors_info=\u00a0\u00bb{}\u00a0\u00bb]<\/p>\n<p>En envoyant ce formulaire, vous acceptez notre politique de confidentialit\u00e9 et le traitement confidentiel de vos donn\u00e9es.<\/p>\n<p>* Donn\u00e9es obligatoires<\/p>\n<p>[\/et_pb_text][\/et_pb_column][\/et_pb_row][\/et_pb_section]<\/p>\n","protected":false},"excerpt":{"rendered":"<p>Conseil fiscal aux entreprisesApprendre \u00e0 se conna\u00eetreN&rsquo;h\u00e9sitez pas \u00e0 nous contacter. Ensemble, nous trouvons avec beaucoup de sensibilit\u00e9 la bonne compr\u00e9hension de vos souhaits.CONTACT.\n<div class=\"wpcf7 no-js\" id=\"wpcf7-f2224-o2\" lang=\"fr-FR\" dir=\"ltr\" data-wpcf7-id=\"2224\">\n<div class=\"screen-reader-response\"><p role=\"status\" aria-live=\"polite\" aria-atomic=\"true\"><\/p> <ul><\/ul><\/div>\n<form action=\"\/fr\/wp-json\/wp\/v2\/pages\/2031#wpcf7-f2224-o2\" method=\"post\" class=\"wpcf7-form init\" aria-label=\"Formulaire de contact\" novalidate=\"novalidate\" data-status=\"init\">\n<fieldset class=\"hidden-fields-container\"><input type=\"hidden\" name=\"_wpcf7\" value=\"2224\" \/><input type=\"hidden\" name=\"_wpcf7_version\" value=\"6.1.5\" \/><input type=\"hidden\" name=\"_wpcf7_locale\" value=\"fr_FR\" \/><input type=\"hidden\" name=\"_wpcf7_unit_tag\" value=\"wpcf7-f2224-o2\" \/><input type=\"hidden\" name=\"_wpcf7_container_post\" value=\"0\" \/><input type=\"hidden\" name=\"_wpcf7_posted_data_hash\" value=\"\" \/>\n<\/fieldset>\n<div class=\"wpcf7-turnstile cf-turnstile\" data-sitekey=\"0x4AAAAAAByR2yzthaWRkldc\" data-response-field-name=\"_wpcf7_turnstile_response\"><\/div>\n\n<div class=\"uacf7-form-wrapper-container uacf7-form-2224  \"><label for=\"your-name\"> Votre nom*\n    <span class=\"wpcf7-form-control-wrap\" data-name=\"your-name\"><input size=\"40\" maxlength=\"400\" class=\"wpcf7-form-control wpcf7-text wpcf7-validates-as-required\" autocomplete=\"name\" aria-required=\"true\" aria-invalid=\"false\" value=\"\" type=\"text\" name=\"your-name\" \/><\/span> <\/label>\n\n<label for=\"your-email\"> Votre adresse e-mail*\n    <span class=\"wpcf7-form-control-wrap\" data-name=\"your-email\"><input size=\"40\" maxlength=\"400\" class=\"wpcf7-form-control wpcf7-email wpcf7-validates-as-required wpcf7-text wpcf7-validates-as-email\" autocomplete=\"email\" aria-required=\"true\" aria-invalid=\"false\" value=\"\" type=\"email\" name=\"your-email\" \/><\/span> <\/label>\n\n<label for=\"your-number\"> Votre num\u00e9ro de t\u00e9l\u00e9phone*\n    <span class=\"wpcf7-form-control-wrap\" data-name=\"tel-591\"><input size=\"40\" maxlength=\"400\" class=\"wpcf7-form-control wpcf7-tel wpcf7-validates-as-required wpcf7-text wpcf7-validates-as-tel\" aria-required=\"true\" aria-invalid=\"false\" value=\"\" type=\"tel\" name=\"tel-591\" \/><\/span> <\/label>\n\n<label for=\"your-text\"> \u00c0 partir de quand souhaitez-vous cr\u00e9er votre entreprise ?\n    <span class=\"wpcf7-form-control-wrap\" data-name=\"text-673\"><input size=\"40\" maxlength=\"400\" class=\"wpcf7-form-control wpcf7-text\" aria-invalid=\"false\" value=\"\" type=\"text\" name=\"text-673\" \/><\/span> <\/label>\n\n<label for=\"your-checkbox\"> Conseil fiscal pour particuliers <\/label>\n    <span class=\"wpcf7-form-control-wrap\" data-name=\"checkbox-103\"><span class=\"wpcf7-form-control wpcf7-checkbox\"><span class=\"wpcf7-list-item first\"><label><input type=\"checkbox\" name=\"checkbox-103[]\" value=\"Imp\u00f4t sur le revenu\" \/><span class=\"wpcf7-list-item-label\">Imp\u00f4t sur le revenu<\/span><\/label><\/span><span class=\"wpcf7-list-item last\"><label><input type=\"checkbox\" name=\"checkbox-103[]\" value=\"Optimisation fiscale \/ Droits de donation et de succession\" \/><span class=\"wpcf7-list-item-label\">Optimisation fiscale \/ Droits de donation et de succession<\/span><\/label><\/span><\/span><\/span> \n\n<label for=\"your-checkbox-2\"> Conseil fiscal pour entreprises <\/label>\n    <span class=\"wpcf7-form-control-wrap\" data-name=\"checkbox-555\"><span class=\"wpcf7-form-control wpcf7-checkbox\"><span class=\"wpcf7-list-item first\"><label><input type=\"checkbox\" name=\"checkbox-555[]\" value=\"Comptabilit\u00e9 financi\u00e8re\" \/><span class=\"wpcf7-list-item-label\">Comptabilit\u00e9 financi\u00e8re<\/span><\/label><\/span><span class=\"wpcf7-list-item\"><label><input type=\"checkbox\" name=\"checkbox-555[]\" value=\"Gestion de la paie\" \/><span class=\"wpcf7-list-item-label\">Gestion de la paie<\/span><\/label><\/span><span class=\"wpcf7-list-item\"><label><input type=\"checkbox\" name=\"checkbox-555[]\" value=\"\u00c9tablissement des comptes annuels \/ D\u00e9clarations fiscales d&#039;entreprise\" \/><span class=\"wpcf7-list-item-label\">\u00c9tablissement des comptes annuels \/ D\u00e9clarations fiscales d&#039;entreprise<\/span><\/label><\/span><span class=\"wpcf7-list-item\"><label><input type=\"checkbox\" name=\"checkbox-555[]\" value=\"Conseil \u00e0 la cr\u00e9ation d&#039;entreprise\" \/><span class=\"wpcf7-list-item-label\">Conseil \u00e0 la cr\u00e9ation d&#039;entreprise<\/span><\/label><\/span><span class=\"wpcf7-list-item last\"><label><input type=\"checkbox\" name=\"checkbox-555[]\" value=\"Conseil fiscal ou \u00e9conomique \/ optimisation de la gestion\" \/><span class=\"wpcf7-list-item-label\">Conseil fiscal ou \u00e9conomique \/ optimisation de la gestion<\/span><\/label><\/span><\/span><\/span> \n\n<div class=\"uacf7-row\"><div class=\"uacf7-col-6\">  \n\n<label for=\"your-text-2\"> \u00c2ge \/ Ann\u00e9e de cr\u00e9ation\n    <span class=\"wpcf7-form-control-wrap\" data-name=\"text-966\"><input size=\"40\" maxlength=\"400\" class=\"wpcf7-form-control wpcf7-text\" aria-invalid=\"false\" value=\"\" type=\"text\" name=\"text-966\" \/><\/span> <\/label>\n\n<\/div><div class=\"uacf7-col-6\">\n\n<label for=\"your-text-3\"> Forme juridique\n    <span class=\"wpcf7-form-control-wrap\" data-name=\"text-672\"><input size=\"40\" maxlength=\"400\" class=\"wpcf7-form-control wpcf7-text\" aria-invalid=\"false\" value=\"\" type=\"text\" name=\"text-672\" \/><\/span> <\/label>\n\n<\/div><\/div>\n<div class=\"uacf7-row\"><div class=\"uacf7-col-6\"> \n\n<label for=\"your-text-4\"> Nombre d'employ\u00e9s\n    <span class=\"wpcf7-form-control-wrap\" data-name=\"text-47\"><input size=\"40\" maxlength=\"400\" class=\"wpcf7-form-control wpcf7-text\" aria-invalid=\"false\" value=\"\" type=\"text\" name=\"text-47\" \/><\/span> <\/label>\n\n<\/div><div class=\"uacf7-col-6\">\n\n<label for=\"your-text-5\"> Chiffre d'affaires annuel\n    <span class=\"wpcf7-form-control-wrap\" data-name=\"text-391\"><input size=\"40\" maxlength=\"400\" class=\"wpcf7-form-control wpcf7-text\" aria-invalid=\"false\" value=\"\" type=\"text\" name=\"text-391\" \/><\/span> <\/label>\n<\/div><\/div>\n\n<label for=\"your-checkbox-3\"> Audit des comptes annuels <\/label>\n<span class=\"wpcf7-form-control-wrap\" data-name=\"checkbox-484\"><span class=\"wpcf7-form-control wpcf7-checkbox\"><span class=\"wpcf7-list-item first last\"><label><input type=\"checkbox\" name=\"checkbox-484[]\" value=\"Audit des comptes annuels\" \/><span class=\"wpcf7-list-item-label\">Audit des comptes annuels<\/span><\/label><\/span><\/span><\/span>\n\n<input class=\"wpcf7-form-control wpcf7-submit has-spinner\" type=\"submit\" value=\"Planifier un rendez-vous de conseil\" \/><\/div><div class=\"wpcf7-response-output\" aria-hidden=\"true\"><\/div>\n<\/form>\n<\/div>\nEn envoyant ce formulaire, vous acceptez notre politique de confidentialit\u00e9 et le traitement confidentiel de vos donn\u00e9es. * Donn\u00e9es obligatoires<\/p>\n","protected":false},"author":1,"featured_media":0,"parent":0,"menu_order":0,"comment_status":"closed","ping_status":"closed","template":"","meta":{"_seopress_robots_primary_cat":"","_seopress_titles_title":"Contact - Votre conseil fiscal pour les entreprises","_seopress_titles_desc":"N'h\u00e9sitez pas \u00e0 nous contacter - votre conseiller fiscal pour les entreprises. Ensemble pour le Bergische Land. Ensemble d'une seule main.  ","_seopress_robots_index":"","_et_pb_use_builder":"on","_et_pb_old_content":"","_et_gb_content_width":"","footnotes":""},"class_list":["post-2031","page","type-page","status-publish","hentry"],"_links":{"self":[{"href":"https:\/\/ebbinghaus.eu\/fr\/wp-json\/wp\/v2\/pages\/2031","targetHints":{"allow":["GET"]}}],"collection":[{"href":"https:\/\/ebbinghaus.eu\/fr\/wp-json\/wp\/v2\/pages"}],"about":[{"href":"https:\/\/ebbinghaus.eu\/fr\/wp-json\/wp\/v2\/types\/page"}],"author":[{"embeddable":true,"href":"https:\/\/ebbinghaus.eu\/fr\/wp-json\/wp\/v2\/users\/1"}],"replies":[{"embeddable":true,"href":"https:\/\/ebbinghaus.eu\/fr\/wp-json\/wp\/v2\/comments?post=2031"}],"version-history":[{"count":3,"href":"https:\/\/ebbinghaus.eu\/fr\/wp-json\/wp\/v2\/pages\/2031\/revisions"}],"predecessor-version":[{"id":2225,"href":"https:\/\/ebbinghaus.eu\/fr\/wp-json\/wp\/v2\/pages\/2031\/revisions\/2225"}],"wp:attachment":[{"href":"https:\/\/ebbinghaus.eu\/fr\/wp-json\/wp\/v2\/media?parent=2031"}],"curies":[{"name":"wp","href":"https:\/\/api.w.org\/{rel}","templated":true}]}}