{"id":2010,"date":"2024-11-06T14:27:37","date_gmt":"2024-11-06T14:27:37","guid":{"rendered":"https:\/\/ebbinghaus.eu\/fiscalite-internationale-prix-de-transfert\/"},"modified":"2025-07-23T11:13:41","modified_gmt":"2025-07-23T11:13:41","slug":"fiscalite-internationale-prix-de-transfert","status":"publish","type":"page","link":"https:\/\/ebbinghaus.eu\/fr\/fiscalite-internationale-prix-de-transfert\/","title":{"rendered":"Fiscalit\u00e9 internationale &amp; prix de transfert"},"content":{"rendered":"<p>[et_pb_section fb_built=\u00a0\u00bb1&Prime; custom_padding_last_edited=\u00a0\u00bbon|phone\u00a0\u00bb _builder_version=\u00a0\u00bb4.27.3&Prime; _module_preset=\u00a0\u00bbdefault\u00a0\u00bb custom_margin=\u00a0\u00bb||||false|false\u00a0\u00bb custom_padding=\u00a0\u00bb170px||||false|false\u00a0\u00bb custom_padding_tablet=\u00a0\u00bb170px||||false|false\u00a0\u00bb custom_padding_phone=\u00a0\u00bb0px||||false|false\u00a0\u00bb global_colors_info=\u00a0\u00bb{}\u00a0\u00bb][et_pb_row _builder_version=\u00a0\u00bb4.27.2&Prime; _module_preset=\u00a0\u00bbdefault\u00a0\u00bb custom_margin=\u00a0\u00bb50px||100px||false|false\u00a0\u00bb custom_padding=\u00a0\u00bb||0px||false|false\u00a0\u00bb global_colors_info=\u00a0\u00bb{}\u00a0\u00bb][et_pb_column type=\u00a0\u00bb4_4&Prime; _builder_version=\u00a0\u00bb4.22.1&Prime; _module_preset=\u00a0\u00bbdefault\u00a0\u00bb global_colors_info=\u00a0\u00bb{}\u00a0\u00bb][et_pb_text _builder_version=\u00a0\u00bb4.27.2&Prime; _module_preset=\u00a0\u00bbdefault\u00a0\u00bb header_font=\u00a0\u00bbopensans||||||||\u00a0\u00bb header_font_size=\u00a0\u00bb16px\u00a0\u00bb header_2_font_size=\u00a0\u00bb16px\u00a0\u00bb global_colors_info=\u00a0\u00bb{}\u00a0\u00bb]<\/p>\n<h2>Conseil fiscal<\/h2>\n<p>[\/et_pb_text][et_pb_text _builder_version=\u00a0\u00bb4.27.2&Prime; _module_preset=\u00a0\u00bbdefault\u00a0\u00bb header_font=\u00a0\u00bbopensans|500||on|||||\u00a0\u00bb header_font_size=\u00a0\u00bb46px\u00a0\u00bb header_line_height=\u00a0\u00bb1.3em\u00a0\u00bb header_2_font=\u00a0\u00bbopensans|500||on|||||\u00a0\u00bb header_2_font_size=\u00a0\u00bb46px\u00a0\u00bb header_2_line_height=\u00a0\u00bb1.3em\u00a0\u00bb header_font_size_tablet=\u00a0\u00bb46px\u00a0\u00bb header_font_size_phone=\u00a0\u00bb30px\u00a0\u00bb header_font_size_last_edited=\u00a0\u00bbon|phone\u00a0\u00bb header_2_font_size_tablet=\u00a0\u00bb46px\u00a0\u00bb header_2_font_size_phone=\u00a0\u00bb30px\u00a0\u00bb header_2_font_size_last_edited=\u00a0\u00bbon|phone\u00a0\u00bb global_colors_info=\u00a0\u00bb{}\u00a0\u00bb]<\/p>\n<h1>Fiscalit\u00e9 internationale &amp; prix de transfert : Op\u00e9rations mondiales, solutions optimales<\/h1>\n<p>[\/et_pb_text][et_pb_text _builder_version=\u00a0\u00bb4.27.2&Prime; _module_preset=\u00a0\u00bbdefault\u00a0\u00bb text_font=\u00a0\u00bbopensans|300|||||||\u00a0\u00bb text_font_size=\u00a0\u00bb16px\u00a0\u00bb text_line_height=\u00a0\u00bb2em\u00a0\u00bb header_font=\u00a0\u00bbopensans||||||||\u00a0\u00bb header_font_size=\u00a0\u00bb16px\u00a0\u00bb header_2_font=\u00a0\u00bbopensans|500||on|||||\u00a0\u00bb header_2_font_size=\u00a0\u00bb60px\u00a0\u00bb header_2_line_height=\u00a0\u00bb1.3em\u00a0\u00bb width=\u00a0\u00bb88%\u00a0\u00bb width_tablet=\u00a0\u00bb88%\u00a0\u00bb width_phone=\u00a0\u00bb100%\u00a0\u00bb width_last_edited=\u00a0\u00bbon|phone\u00a0\u00bb custom_margin=\u00a0\u00bb||0px||false|false\u00a0\u00bb custom_padding=\u00a0\u00bb||0px||false|false\u00a0\u00bb global_colors_info=\u00a0\u00bb{}\u00a0\u00bb]<\/p>\n<p>Les entreprises qui op\u00e8rent \u00e0 l&rsquo;international sont confront\u00e9es \u00e0 des d\u00e9fis fiscaux complexes. Le droit fiscal international comprend non seulement diff\u00e9rentes lois fiscales nationales, mais aussi des conventions et des r\u00e9glementations intergouvernementales qui sont essentielles au bon d\u00e9roulement des affaires. La conception des prix de transfert entre entreprises associ\u00e9es, en particulier, est un sujet sensible qui, s&rsquo;il est mal g\u00e9r\u00e9, peut comporter des risques financiers consid\u00e9rables.  <\/p>\n<p>[\/et_pb_text][\/et_pb_column][\/et_pb_row][et_pb_row _builder_version=\u00a0\u00bb4.27.2&Prime; _module_preset=\u00a0\u00bbdefault\u00a0\u00bb custom_margin=\u00a0\u00bb50px||50px||true|false\u00a0\u00bb global_colors_info=\u00a0\u00bb{}\u00a0\u00bb][et_pb_column type=\u00a0\u00bb4_4&Prime; _builder_version=\u00a0\u00bb4.22.1&Prime; _module_preset=\u00a0\u00bbdefault\u00a0\u00bb global_colors_info=\u00a0\u00bb{}\u00a0\u00bb][et_pb_text _builder_version=\u00a0\u00bb4.27.2&Prime; _module_preset=\u00a0\u00bbdefault\u00a0\u00bb header_font=\u00a0\u00bbopensans||||||||\u00a0\u00bb header_font_size=\u00a0\u00bb16px\u00a0\u00bb header_2_font=\u00a0\u00bbopensans|500||on|||||\u00a0\u00bb header_2_font_size=\u00a0\u00bb38px\u00a0\u00bb header_2_line_height=\u00a0\u00bb1.3em\u00a0\u00bb header_3_font=\u00a0\u00bbopensans|500||on|||||\u00a0\u00bb header_3_font_size=\u00a0\u00bb38px\u00a0\u00bb header_3_line_height=\u00a0\u00bb1.3em\u00a0\u00bb custom_margin=\u00a0\u00bb||||false|false\u00a0\u00bb custom_padding=\u00a0\u00bb0px||||false|false\u00a0\u00bb header_2_font_size_tablet=\u00a0\u00bb46px\u00a0\u00bb header_2_font_size_phone=\u00a0\u00bb26px\u00a0\u00bb header_2_font_size_last_edited=\u00a0\u00bbon|phone\u00a0\u00bb header_3_font_size_tablet=\u00a0\u00bb38px\u00a0\u00bb header_3_font_size_phone=\u00a0\u00bb25px\u00a0\u00bb header_3_font_size_last_edited=\u00a0\u00bbon|phone\u00a0\u00bb global_colors_info=\u00a0\u00bb{}\u00a0\u00bb]<\/p>\n<h3>Nos services en mati\u00e8re de fiscalit\u00e9 internationale et de prix de transfert :<\/h3>\n<p>[\/et_pb_text][et_pb_text content_tablet=\u00a0\u00bb<\/p>\n<ul>\n<li><strong>Conseil sur les questions fiscales transfrontali\u00e8res<br \/><\/strong>Assistance sur les conventions de double imposition (CDI), les revenus \u00e9trangers et les r\u00e9glementations fiscales dans les affaires internationales.<\/li>\n<\/ul>\n<ul>\n<li><strong>Documentation sur les prix de transfert<br \/><\/strong>Cr\u00e9ation d&apos;une documentation juridiquement s\u00fbre afin de r\u00e9pondre aux exigences des autorit\u00e9s fiscales.<\/li>\n<\/ul>\n<ul>\n<li><strong>Strat\u00e9gies de prix de transfert<br \/><\/strong>D\u00e9veloppement et optimisation de strat\u00e9gies de prix de transfert conformes au march\u00e9 et avantageuses pour votre entreprise.<\/li>\n<\/ul>\n<ul>\n<li><strong>Assistance en cas de contr\u00f4le fiscal<br \/><\/strong>Accompagnement en cas de contr\u00f4le par les autorit\u00e9s financi\u00e8res et repr\u00e9sentation de vos int\u00e9r\u00eats.<\/li>\n<\/ul>\n<ul>\n<li><strong>Conformit\u00e9 aux r\u00e9glementations internationales<br \/><\/strong>Veiller \u00e0 ce que vos prix de transfert soient conformes aux r\u00e9glementations internationales et nationales.<\/li>\n<\/ul>\n<ul>\n<li><strong>Optimisation fiscale des structures internationales<br \/><\/strong>Concevoir vos structures commerciales mondiales de mani\u00e8re fiscalement avantageuse afin de minimiser les risques et de maximiser les avantages.<\/li>\n<\/ul>\n<p>\u00a0\u00bb content_phone=\u00a0\u00bb<\/p>\n<ul>\n<li><strong>Conseil sur les questions fiscales transfrontali\u00e8res<br \/><\/strong>Assistance sur les conventions de double imposition (CDI), les revenus \u00e9trangers et les r\u00e9glementations fiscales dans les affaires internationales.<\/li>\n<\/ul>\n<ul>\n<li><strong>Documentation sur les prix de transfert<br \/><\/strong>Cr\u00e9ation d&apos;une documentation l\u00e9gale pour r\u00e9pondre aux exigences des autorit\u00e9s fiscales.<\/li>\n<\/ul>\n<ul>\n<li><strong>Strat\u00e9gies de prix de transfert<br \/><\/strong>D\u00e9veloppement et optimisation de strat\u00e9gies de prix de transfert conformes au march\u00e9 et avantageuses pour votre entreprise.<\/li>\n<\/ul>\n<ul>\n<li><strong>Assistance en cas de contr\u00f4le fiscal<br \/><\/strong>Accompagnement en cas de contr\u00f4le par les autorit\u00e9s financi\u00e8res et repr\u00e9sentation de vos int\u00e9r\u00eats.<\/li>\n<\/ul>\n<ul>\n<li><strong>Conformit\u00e9 aux r\u00e9glementations internationales<br \/><\/strong>Veiller \u00e0 ce que vos prix de transfert soient conformes aux r\u00e9glementations internationales et nationales.<\/li>\n<\/ul>\n<ul>\n<li><strong>Optimisation fiscale des structures internationales<br \/><\/strong>Concevoir vos structures commerciales mondiales de mani\u00e8re fiscalement avantageuse afin de minimiser les risques et de maximiser les avantages.<\/li>\n<\/ul>\n<p>\u00a0\u00bb content_last_edited=\u00a0\u00bbon|phone\u00a0\u00bb _builder_version=\u00a0\u00bb4.27.3&Prime; _module_preset=\u00a0\u00bbdefault\u00a0\u00bb text_font=\u00a0\u00bbopensans|300|||||||\u00a0\u00bb text_font_size=\u00a0\u00bb20px\u00a0\u00bb text_line_height=\u00a0\u00bb2.5em\u00a0\u00bb ul_line_height=\u00a0\u00bb1.7em\u00a0\u00bb header_font=\u00a0\u00bbopensans||||||||\u00a0\u00bb header_font_size=\u00a0\u00bb16px\u00a0\u00bb header_2_font=\u00a0\u00bbopensans|500||on|||||\u00a0\u00bb header_2_font_size=\u00a0\u00bb60px\u00a0\u00bb header_2_line_height=\u00a0\u00bb1.3em\u00a0\u00bb width=\u00a0\u00bb88%\u00a0\u00bb width_tablet=\u00a0\u00bb88%\u00a0\u00bb width_phone=\u00a0\u00bb100%\u00a0\u00bb width_last_edited=\u00a0\u00bbon|phone\u00a0\u00bb custom_padding=\u00a0\u00bb||0px||false|false\u00a0\u00bb text_font_size_tablet=\u00a0\u00bb22px\u00a0\u00bb text_font_size_phone=\u00a0\u00bb18px\u00a0\u00bb text_font_size_last_edited=\u00a0\u00bbon|phone\u00a0\u00bb global_colors_info=\u00a0\u00bb{}\u00a0\u00bb]<\/p>\n<ul>\n<li><strong>Conseil sur les questions fiscales transfrontali\u00e8res<br \/><\/strong>Assistance sur les conventions de double imposition (CDI), les revenus \u00e9trangers et les r\u00e9glementations fiscales dans les affaires internationales.<\/li>\n<\/ul>\n<ul>\n<li><strong>Documentation sur les prix de transfert<br \/><\/strong>Cr\u00e9ation d&rsquo;une documentation juridiquement s\u00fbre afin de r\u00e9pondre aux exigences des autorit\u00e9s fiscales.<\/li>\n<\/ul>\n<ul>\n<li><strong>Strat\u00e9gies de prix de transfert<br \/><\/strong>D\u00e9veloppement et optimisation de strat\u00e9gies de prix de transfert conformes au march\u00e9 et avantageuses pour votre entreprise.<\/li>\n<\/ul>\n<ul>\n<li><strong>Assistance en cas de contr\u00f4le fiscal<br \/><\/strong>Accompagnement en cas de contr\u00f4le par les autorit\u00e9s financi\u00e8res et repr\u00e9sentation de vos int\u00e9r\u00eats.<\/li>\n<\/ul>\n<ul>\n<li><strong>Conformit\u00e9 aux r\u00e9glementations internationales<br \/><\/strong>Veiller \u00e0 ce que vos prix de transfert soient conformes aux r\u00e9glementations internationales et nationales.<\/li>\n<\/ul>\n<ul>\n<li><strong>Optimisation fiscale des structures internationales<br \/><\/strong>Concevoir vos structures commerciales mondiales de mani\u00e8re fiscalement avantageuse afin de minimiser les risques et de maximiser les avantages.<\/li>\n<\/ul>\n<p>[\/et_pb_text][et_pb_text _builder_version=\u00a0\u00bb4.27.2&Prime; _module_preset=\u00a0\u00bbdefault\u00a0\u00bb text_font=\u00a0\u00bbopensans|300|||||||\u00a0\u00bb text_font_size=\u00a0\u00bb16px\u00a0\u00bb text_line_height=\u00a0\u00bb2em\u00a0\u00bb header_font=\u00a0\u00bbopensans||||||||\u00a0\u00bb header_font_size=\u00a0\u00bb16px\u00a0\u00bb header_2_font=\u00a0\u00bbopensans|500||on|||||\u00a0\u00bb header_2_font_size=\u00a0\u00bb60px\u00a0\u00bb header_2_line_height=\u00a0\u00bb1.3em\u00a0\u00bb width=\u00a0\u00bb88%\u00a0\u00bb width_tablet=\u00a0\u00bb88%\u00a0\u00bb width_phone=\u00a0\u00bb100%\u00a0\u00bb width_last_edited=\u00a0\u00bbon|phone\u00a0\u00bb custom_margin=\u00a0\u00bb||0px||false|false\u00a0\u00bb custom_padding=\u00a0\u00bb||0px||false|false\u00a0\u00bb global_colors_info=\u00a0\u00bb{}\u00a0\u00bb]<\/p>\n<p>Le droit fiscal international et la fixation des prix de transfert requi\u00e8rent une expertise approfondie et une adaptation pr\u00e9cise aux besoins individuels de votre entreprise. Notre expertise vous permet de g\u00e9rer vos activit\u00e9s internationales de mani\u00e8re s\u00fbre et efficace, sans prendre de risques fiscaux. Faites confiance \u00e0 notre exp\u00e9rience pour \u00e9laborer des strat\u00e9gies fiscales internationales \u00e0 la fois conformes et rentables.  <\/p>\n<p>[\/et_pb_text][\/et_pb_column][\/et_pb_row][et_pb_row _builder_version=\u00a0\u00bb4.22.1&Prime; _module_preset=\u00a0\u00bbdefault\u00a0\u00bb custom_margin=\u00a0\u00bb50px||50px||true|false\u00a0\u00bb global_colors_info=\u00a0\u00bb{}\u00a0\u00bb][et_pb_column type=\u00a0\u00bb4_4&Prime; _builder_version=\u00a0\u00bb4.22.1&Prime; _module_preset=\u00a0\u00bbdefault\u00a0\u00bb global_colors_info=\u00a0\u00bb{}\u00a0\u00bb][et_pb_text _builder_version=\u00a0\u00bb4.27.2&Prime; _module_preset=\u00a0\u00bbdefault\u00a0\u00bb text_font=\u00a0\u00bbopensans|700|||||||\u00a0\u00bb text_font_size=\u00a0\u00bb16px\u00a0\u00bb text_line_height=\u00a0\u00bb2em\u00a0\u00bb width=\u00a0\u00bb50%\u00a0\u00bb width_tablet=\u00a0\u00bb50%\u00a0\u00bb width_phone=\u00a0\u00bb80%\u00a0\u00bb width_last_edited=\u00a0\u00bbon|phone\u00a0\u00bb locked=\u00a0\u00bboff\u00a0\u00bb global_colors_info=\u00a0\u00bb{}\u00a0\u00bb]<\/p>\n<p><strong>\u00c9vitez les pi\u00e8ges juridiques et saisissez vos chances. N&rsquo;h\u00e9sitez pas \u00e0 nous contacter.<\/strong><\/p>\n<p>[\/et_pb_text][et_pb_divimenus_flex hide_button=\u00a0\u00bbon\u00a0\u00bb menu_button_background_color=\u00a0\u00bb#000000&Prime; _builder_version=\u00a0\u00bb4.27.4&Prime; _module_preset=\u00a0\u00bbdefault\u00a0\u00bb background_color=\u00a0\u00bbRGBA(255,255,255,0)\u00a0\u00bb hover_enabled=\u00a0\u00bb0&Prime; locked=\u00a0\u00bboff\u00a0\u00bb global_colors_info=\u00a0\u00bb{}\u00a0\u00bb sticky_enabled=\u00a0\u00bb0&Prime;][et_pb_divimenus_flex_item title=\u00a0\u00bbEntretien de conseil\u00a0\u00bb text_use_icon=\u00a0\u00bbon\u00a0\u00bb text_font_icon=\u00a0\u00bb&#x26;||divi||400&Prime; text_icon_pos=\u00a0\u00bbright\u00a0\u00bb text_icon_font_size=\u00a0\u00bb16px\u00a0\u00bb url=\u00a0\u00bb@ET-DC@eyJkeW5hbWljIjp0cnVlLCJjb250ZW50IjoicG9zdF9saW5rX3VybF9wYWdlIiwic2V0dGluZ3MiOnsicG9zdF9pZCI6Ijk0In19@\u00a0\u00bb _builder_version=\u00a0\u00bb4.27.4&Prime; _module_preset=\u00a0\u00bbdefault\u00a0\u00bb item_font=\u00a0\u00bbopensans|600|||||||\u00a0\u00bb item_text_color=\u00a0\u00bb#FFFFFF\u00a0\u00bb item_font_size=\u00a0\u00bb14px\u00a0\u00bb background_color=\u00a0\u00bb#0a4398&Prime; background_enable_color=\u00a0\u00bbon\u00a0\u00bb custom_padding=\u00a0\u00bb|24px||24px|false|true\u00a0\u00bb hover_enabled=\u00a0\u00bb0&Prime; global_colors_info=\u00a0\u00bb{}\u00a0\u00bb background__hover_enabled=\u00a0\u00bbon|hover\u00a0\u00bb background_color__hover=\u00a0\u00bb#3f3f3f\u00a0\u00bb background_enable_color__hover=\u00a0\u00bbon\u00a0\u00bb text_icon_padding__hover_enabled=\u00a0\u00bbon|hover\u00a0\u00bb text_icon_padding__hover=\u00a0\u00bb0.8em\u00a0\u00bb direction=\u00a0\u00bbrow\u00a0\u00bb force_fullwidth=\u00a0\u00bboff\u00a0\u00bb _dynamic_attributes=\u00a0\u00bburl\u00a0\u00bb sticky_enabled=\u00a0\u00bb0&Prime;][\/et_pb_divimenus_flex_item][\/et_pb_divimenus_flex][\/et_pb_column][\/et_pb_row][\/et_pb_section]<\/p>\n","protected":false},"excerpt":{"rendered":"<p>Conseil fiscalFiscalit\u00e9 internationale &amp; prix de transfert : Op\u00e9rations mondiales, solutions optimalesLes entreprises qui op\u00e8rent \u00e0 l&rsquo;international sont confront\u00e9es \u00e0 des d\u00e9fis fiscaux complexes. Le droit fiscal international comprend non seulement diff\u00e9rentes lois fiscales nationales, mais aussi des conventions et des r\u00e9glementations intergouvernementales qui sont essentielles au bon d\u00e9roulement des affaires. La conception des prix [&hellip;]<\/p>\n","protected":false},"author":1,"featured_media":0,"parent":0,"menu_order":0,"comment_status":"closed","ping_status":"closed","template":"","meta":{"_seopress_robots_primary_cat":"","_seopress_titles_title":"Fiscalit\u00e9 internationale & prix de transfert","_seopress_titles_desc":"Fiscalit\u00e9 internationale & prix de transfert : Op\u00e9rations mondiales, solutions optimales.","_seopress_robots_index":"","_et_pb_use_builder":"on","_et_pb_old_content":"","_et_gb_content_width":"","footnotes":""},"class_list":["post-2010","page","type-page","status-publish","hentry"],"_links":{"self":[{"href":"https:\/\/ebbinghaus.eu\/fr\/wp-json\/wp\/v2\/pages\/2010","targetHints":{"allow":["GET"]}}],"collection":[{"href":"https:\/\/ebbinghaus.eu\/fr\/wp-json\/wp\/v2\/pages"}],"about":[{"href":"https:\/\/ebbinghaus.eu\/fr\/wp-json\/wp\/v2\/types\/page"}],"author":[{"embeddable":true,"href":"https:\/\/ebbinghaus.eu\/fr\/wp-json\/wp\/v2\/users\/1"}],"replies":[{"embeddable":true,"href":"https:\/\/ebbinghaus.eu\/fr\/wp-json\/wp\/v2\/comments?post=2010"}],"version-history":[{"count":4,"href":"https:\/\/ebbinghaus.eu\/fr\/wp-json\/wp\/v2\/pages\/2010\/revisions"}],"predecessor-version":[{"id":2130,"href":"https:\/\/ebbinghaus.eu\/fr\/wp-json\/wp\/v2\/pages\/2010\/revisions\/2130"}],"wp:attachment":[{"href":"https:\/\/ebbinghaus.eu\/fr\/wp-json\/wp\/v2\/media?parent=2010"}],"curies":[{"name":"wp","href":"https:\/\/api.w.org\/{rel}","templated":true}]}}