{"id":2002,"date":"2024-11-07T14:17:36","date_gmt":"2024-11-07T14:17:36","guid":{"rendered":"https:\/\/ebbinghaus.eu\/comptabilite-dinsolvabilite-pour-les-procedures-de-gestion-autonome\/"},"modified":"2025-07-23T11:32:18","modified_gmt":"2025-07-23T11:32:18","slug":"comptabilite-dinsolvabilite-pour-les-procedures-de-gestion-autonome","status":"publish","type":"page","link":"https:\/\/ebbinghaus.eu\/fr\/comptabilite-dinsolvabilite-pour-les-procedures-de-gestion-autonome\/","title":{"rendered":"Comptabilit\u00e9 d&rsquo;insolvabilit\u00e9 pour les proc\u00e9dures de gestion autonome"},"content":{"rendered":"<p>[et_pb_section fb_built=\u00a0\u00bb1&Prime; custom_padding_last_edited=\u00a0\u00bbon|phone\u00a0\u00bb _builder_version=\u00a0\u00bb4.27.3&Prime; _module_preset=\u00a0\u00bbdefault\u00a0\u00bb custom_margin=\u00a0\u00bb||||false|false\u00a0\u00bb custom_padding=\u00a0\u00bb170px||||false|false\u00a0\u00bb custom_padding_tablet=\u00a0\u00bb170px||||false|false\u00a0\u00bb custom_padding_phone=\u00a0\u00bb0px||||false|false\u00a0\u00bb global_colors_info=\u00a0\u00bb{}\u00a0\u00bb][et_pb_row _builder_version=\u00a0\u00bb4.27.2&Prime; _module_preset=\u00a0\u00bbdefault\u00a0\u00bb custom_margin=\u00a0\u00bb50px||100px||false|false\u00a0\u00bb custom_padding=\u00a0\u00bb||0px||false|false\u00a0\u00bb global_colors_info=\u00a0\u00bb{}\u00a0\u00bb][et_pb_column type=\u00a0\u00bb4_4&Prime; _builder_version=\u00a0\u00bb4.22.1&Prime; _module_preset=\u00a0\u00bbdefault\u00a0\u00bb global_colors_info=\u00a0\u00bb{}\u00a0\u00bb][et_pb_text _builder_version=\u00a0\u00bb4.27.2&Prime; _module_preset=\u00a0\u00bbdefault\u00a0\u00bb header_font=\u00a0\u00bbopensans||||||||\u00a0\u00bb header_font_size=\u00a0\u00bb16px\u00a0\u00bb header_2_font_size=\u00a0\u00bb16px\u00a0\u00bb global_colors_info=\u00a0\u00bb{}\u00a0\u00bb]<\/p>\n<h2>Externalisation &gt; Pour les administrateurs judiciaires<\/h2>\n<p>[\/et_pb_text][et_pb_text content_tablet=\u00a0\u00bb<\/p>\n<h1>Comptabilit\u00e9 d&apos;insolvabilit\u00e9 pr\u00e9cise pour les proc\u00e9dures d&apos;autogestion : Assistance aux administrateurs judiciaires<\/h1>\n<p>\u00a0\u00bb content_phone=\u00a0\u00bb<\/p>\n<h1>Comptabilit\u00e9 d&apos;insolvabilit\u00e9 pr\u00e9cise pour les proc\u00e9dures d&apos;autogestion : Assistance aux administrateurs judiciaires<\/h1>\n<p>\u00a0\u00bb content_last_edited=\u00a0\u00bbon|phone\u00a0\u00bb _builder_version=\u00a0\u00bb4.27.3&Prime; _module_preset=\u00a0\u00bbdefault\u00a0\u00bb header_font=\u00a0\u00bbopensans|500||on|||||\u00a0\u00bb header_font_size=\u00a0\u00bb46px\u00a0\u00bb header_line_height=\u00a0\u00bb1.3em\u00a0\u00bb header_2_font=\u00a0\u00bbopensans|500||on|||||\u00a0\u00bb header_2_font_size=\u00a0\u00bb46px\u00a0\u00bb header_2_line_height=\u00a0\u00bb1.3em\u00a0\u00bb header_font_size_tablet=\u00a0\u00bb46px\u00a0\u00bb header_font_size_phone=\u00a0\u00bb30px\u00a0\u00bb header_font_size_last_edited=\u00a0\u00bbon|phone\u00a0\u00bb header_2_font_size_tablet=\u00a0\u00bb46px\u00a0\u00bb header_2_font_size_phone=\u00a0\u00bb30px\u00a0\u00bb header_2_font_size_last_edited=\u00a0\u00bbon|phone\u00a0\u00bb global_colors_info=\u00a0\u00bb{}\u00a0\u00bb]<\/p>\n<h1>Comptabilit\u00e9 d&rsquo;insolvabilit\u00e9 pr\u00e9cise pour les proc\u00e9dures d&rsquo;autogestion : Assistance aux administrateurs judiciaires<\/h1>\n<p>[\/et_pb_text][et_pb_text _builder_version=\u00a0\u00bb4.27.2&Prime; _module_preset=\u00a0\u00bbdefault\u00a0\u00bb text_font=\u00a0\u00bbopensans|300|||||||\u00a0\u00bb text_font_size=\u00a0\u00bb16px\u00a0\u00bb text_line_height=\u00a0\u00bb2em\u00a0\u00bb header_font=\u00a0\u00bbopensans||||||||\u00a0\u00bb header_font_size=\u00a0\u00bb16px\u00a0\u00bb header_2_font=\u00a0\u00bbopensans|500||on|||||\u00a0\u00bb header_2_font_size=\u00a0\u00bb60px\u00a0\u00bb header_2_line_height=\u00a0\u00bb1.3em\u00a0\u00bb width=\u00a0\u00bb88%\u00a0\u00bb width_tablet=\u00a0\u00bb88%\u00a0\u00bb width_phone=\u00a0\u00bb100%\u00a0\u00bb width_last_edited=\u00a0\u00bbon|phone\u00a0\u00bb custom_margin=\u00a0\u00bb||0px||false|false\u00a0\u00bb custom_padding=\u00a0\u00bb||0px||false|false\u00a0\u00bb global_colors_info=\u00a0\u00bb{}\u00a0\u00bb]Dans le cadre des proc\u00e9dures d&rsquo;autogestion, vous \u00eates tenu, en tant qu&rsquo;administrateur judiciaire, de tenir soigneusement la comptabilit\u00e9 de l&rsquo;entreprise insolvable afin de rendre les processus financiers transparents et compr\u00e9hensibles. Notre cabinet fiscal vous propose une assistance sp\u00e9cialis\u00e9e afin que vous puissiez mettre en \u0153uvre toutes les exigences comptables de mani\u00e8re efficace et en toute s\u00e9curit\u00e9 juridique.<\/p>\n<p>Nous prenons en charge l&rsquo;ensemble de la comptabilit\u00e9 de l&rsquo;insolvabilit\u00e9 et veillons \u00e0 ce que toutes les transactions commerciales pertinentes soient correctement enregistr\u00e9es. Cela comprend la pr\u00e9paration des \u00e9tats financiers mensuels, le r\u00e8glement des dettes de la masse et la pr\u00e9paration de rapports qui r\u00e9pondent \u00e0 la fois aux exigences l\u00e9gales et aux besoins d&rsquo;information des parties prenantes.<\/p>\n<p>Gr\u00e2ce \u00e0 notre expertise en mati\u00e8re de comptabilit\u00e9 d&rsquo;insolvabilit\u00e9, nous minimisons les risques et garantissons que vous gardez le contr\u00f4le de la situation financi\u00e8re de l&rsquo;entreprise. Vous pouvez ainsi vous concentrer sur le d\u00e9veloppement strat\u00e9gique de la proc\u00e9dure pendant que nous nous occupons des d\u00e9tails de la comptabilit\u00e9.[\/et_pb_text][\/et_pb_column][\/et_pb_row][et_pb_row _builder_version=\u00a0\u00bb4.27.2&Prime; _module_preset=\u00a0\u00bbdefault\u00a0\u00bb custom_margin=\u00a0\u00bb50px||50px||true|false\u00a0\u00bb global_colors_info=\u00a0\u00bb{}\u00a0\u00bb][et_pb_column type=\u00a0\u00bb4_4&Prime; _builder_version=\u00a0\u00bb4.22.1&Prime; _module_preset=\u00a0\u00bbdefault\u00a0\u00bb global_colors_info=\u00a0\u00bb{}\u00a0\u00bb][et_pb_text _builder_version=\u00a0\u00bb4.27.2&Prime; _module_preset=\u00a0\u00bbdefault\u00a0\u00bb header_font=\u00a0\u00bbopensans||||||||\u00a0\u00bb header_font_size=\u00a0\u00bb16px\u00a0\u00bb header_2_font=\u00a0\u00bbopensans|500||on|||||\u00a0\u00bb header_2_font_size=\u00a0\u00bb38px\u00a0\u00bb header_2_line_height=\u00a0\u00bb1.3em\u00a0\u00bb header_3_font=\u00a0\u00bbopensans|500||on|||||\u00a0\u00bb header_3_font_size=\u00a0\u00bb38px\u00a0\u00bb header_3_line_height=\u00a0\u00bb1.3em\u00a0\u00bb custom_margin=\u00a0\u00bb||||false|false\u00a0\u00bb custom_padding=\u00a0\u00bb0px||||false|false\u00a0\u00bb header_2_font_size_tablet=\u00a0\u00bb46px\u00a0\u00bb header_2_font_size_phone=\u00a0\u00bb26px\u00a0\u00bb header_2_font_size_last_edited=\u00a0\u00bbon|phone\u00a0\u00bb header_3_font_size_tablet=\u00a0\u00bb38px\u00a0\u00bb header_3_font_size_phone=\u00a0\u00bb25px\u00a0\u00bb header_3_font_size_last_edited=\u00a0\u00bbon|phone\u00a0\u00bb global_colors_info=\u00a0\u00bb{}\u00a0\u00bb]<\/p>\n<h3>Nos services :<\/h3>\n<p>[\/et_pb_text][et_pb_text _builder_version=\u00a0\u00bb4.27.2&Prime; _module_preset=\u00a0\u00bbdefault\u00a0\u00bb text_font=\u00a0\u00bbopensans|300|||||||\u00a0\u00bb text_font_size=\u00a0\u00bb20px\u00a0\u00bb text_line_height=\u00a0\u00bb2.5em\u00a0\u00bb ul_line_height=\u00a0\u00bb1.7em\u00a0\u00bb header_font=\u00a0\u00bbopensans||||||||\u00a0\u00bb header_font_size=\u00a0\u00bb16px\u00a0\u00bb header_2_font=\u00a0\u00bbopensans|500||on|||||\u00a0\u00bb header_2_font_size=\u00a0\u00bb60px\u00a0\u00bb header_2_line_height=\u00a0\u00bb1.3em\u00a0\u00bb width=\u00a0\u00bb88%\u00a0\u00bb width_tablet=\u00a0\u00bb88%\u00a0\u00bb width_phone=\u00a0\u00bb100%\u00a0\u00bb width_last_edited=\u00a0\u00bbon|phone\u00a0\u00bb custom_padding=\u00a0\u00bb||0px||false|false\u00a0\u00bb text_font_size_tablet=\u00a0\u00bb22px\u00a0\u00bb text_font_size_phone=\u00a0\u00bb18px\u00a0\u00bb text_font_size_last_edited=\u00a0\u00bbon|phone\u00a0\u00bb global_colors_info=\u00a0\u00bb{}\u00a0\u00bb]<\/p>\n<ul>\n<li><strong>Comptabilit\u00e9 d&rsquo;insolvabilit\u00e9 compl\u00e8te<br \/>\n<\/strong>Enregistrement minutieux de toutes les transactions commerciales pertinentes pendant la proc\u00e9dure de gestion autonome.<\/li>\n<\/ul>\n<ul>\n<li><strong>Cl\u00f4ture mensuelle et reporting<br \/>\n<\/strong>Production de cl\u00f4tures mensuelles r\u00e9guli\u00e8res et de rapports pr\u00e9cis sur la situation financi\u00e8re.<\/li>\n<\/ul>\n<ul>\n<li><strong>R\u00e8glement des obligations de la masse<br \/>\n<\/strong>Assistance dans la gestion et le r\u00e8glement des obligations fiscales dans le cadre de la masse de l&rsquo;insolvabilit\u00e9.<\/li>\n<\/ul>\n<ul>\n<li><strong>Conseil et assistance<br \/>\n<\/strong>Conseils techniques sur les questions de comptabilit\u00e9 et assistance en mati\u00e8re de conformit\u00e9 l\u00e9gale.<\/li>\n<\/ul>\n<ul>\n<li><strong>Coop\u00e9ration avec les auditeurs de caisse<br \/>\n<\/strong>Prendre en charge la communication et la coordination avec les auditeurs de caisse afin d&rsquo;assurer une bonne coop\u00e9ration et de r\u00e9pondre aux exigences de l&rsquo;audit de caisse.<\/li>\n<\/ul>\n<p>[\/et_pb_text][\/et_pb_column][\/et_pb_row][et_pb_row _builder_version=\u00a0\u00bb4.22.1&Prime; _module_preset=\u00a0\u00bbdefault\u00a0\u00bb custom_margin=\u00a0\u00bb50px||50px||true|false\u00a0\u00bb global_colors_info=\u00a0\u00bb{}\u00a0\u00bb][et_pb_column type=\u00a0\u00bb4_4&Prime; _builder_version=\u00a0\u00bb4.22.1&Prime; _module_preset=\u00a0\u00bbdefault\u00a0\u00bb global_colors_info=\u00a0\u00bb{}\u00a0\u00bb][et_pb_text _builder_version=\u00a0\u00bb4.27.3&Prime; _module_preset=\u00a0\u00bbdefault\u00a0\u00bb text_font=\u00a0\u00bbopensans|700|||||||\u00a0\u00bb text_font_size=\u00a0\u00bb16px\u00a0\u00bb text_line_height=\u00a0\u00bb2em\u00a0\u00bb width=\u00a0\u00bb50%\u00a0\u00bb width_tablet=\u00a0\u00bb50%\u00a0\u00bb width_phone=\u00a0\u00bb100%\u00a0\u00bb width_last_edited=\u00a0\u00bbon|phone\u00a0\u00bb locked=\u00a0\u00bboff\u00a0\u00bb global_colors_info=\u00a0\u00bb{}\u00a0\u00bb]<\/p>\n<p><strong>Faites appel \u00e0 notre expertise en mati\u00e8re de comptabilit\u00e9 d&rsquo;insolvabilit\u00e9 pour les proc\u00e9dures de gestion autonome et b\u00e9n\u00e9ficiez d&rsquo;une comptabilit\u00e9 pr\u00e9cise et fiable. Contactez-nous pour obtenir des conseils personnalis\u00e9s.<\/strong><\/p>\n<p>[\/et_pb_text][et_pb_divimenus_flex hide_button=\u00a0\u00bbon\u00a0\u00bb menu_button_background_color=\u00a0\u00bb#000000&Prime; _builder_version=\u00a0\u00bb4.27.4&Prime; _module_preset=\u00a0\u00bbdefault\u00a0\u00bb background_color=\u00a0\u00bbRGBA(255,255,255,0)\u00a0\u00bb hover_enabled=\u00a0\u00bb0&Prime; locked=\u00a0\u00bboff\u00a0\u00bb global_colors_info=\u00a0\u00bb{}\u00a0\u00bb sticky_enabled=\u00a0\u00bb0&Prime;][et_pb_divimenus_flex_item title=\u00a0\u00bbEntretien de conseil\u00a0\u00bb text_use_icon=\u00a0\u00bbon\u00a0\u00bb text_font_icon=\u00a0\u00bb&#x26;||divi||400&Prime; text_icon_pos=\u00a0\u00bbright\u00a0\u00bb text_icon_font_size=\u00a0\u00bb16px\u00a0\u00bb url=\u00a0\u00bb@ET-DC@eyJkeW5hbWljIjp0cnVlLCJjb250ZW50IjoicG9zdF9saW5rX3VybF9wYWdlIiwic2V0dGluZ3MiOnsicG9zdF9pZCI6Ijk0In19@\u00a0\u00bb _builder_version=\u00a0\u00bb4.27.4&Prime; _module_preset=\u00a0\u00bbdefault\u00a0\u00bb item_font=\u00a0\u00bbopensans|600|||||||\u00a0\u00bb item_text_color=\u00a0\u00bb#FFFFFF\u00a0\u00bb item_font_size=\u00a0\u00bb14px\u00a0\u00bb background_color=\u00a0\u00bb#0a4398&Prime; background_enable_color=\u00a0\u00bbon\u00a0\u00bb custom_padding=\u00a0\u00bb|24px||24px|false|true\u00a0\u00bb hover_enabled=\u00a0\u00bb0&Prime; global_colors_info=\u00a0\u00bb{}\u00a0\u00bb background__hover_enabled=\u00a0\u00bbon|hover\u00a0\u00bb background_color__hover=\u00a0\u00bb#3f3f3f\u00a0\u00bb background_enable_color__hover=\u00a0\u00bbon\u00a0\u00bb text_icon_padding__hover_enabled=\u00a0\u00bbon|hover\u00a0\u00bb text_icon_padding__hover=\u00a0\u00bb0.8em\u00a0\u00bb direction=\u00a0\u00bbrow\u00a0\u00bb force_fullwidth=\u00a0\u00bboff\u00a0\u00bb _dynamic_attributes=\u00a0\u00bburl\u00a0\u00bb sticky_enabled=\u00a0\u00bb0&Prime;][\/et_pb_divimenus_flex_item][\/et_pb_divimenus_flex][\/et_pb_column][\/et_pb_row][\/et_pb_section]<\/p>\n","protected":false},"excerpt":{"rendered":"<p>Externalisation &gt; Pour les administrateurs judiciairesComptabilit\u00e9 d&rsquo;insolvabilit\u00e9 pr\u00e9cise pour les proc\u00e9dures d&rsquo;autogestion : Assistance aux administrateurs judiciairesDans le cadre des proc\u00e9dures d&rsquo;autogestion, vous \u00eates tenu, en tant qu&rsquo;administrateur judiciaire, de tenir soigneusement la comptabilit\u00e9 de l&rsquo;entreprise insolvable afin de rendre les processus financiers transparents et compr\u00e9hensibles. Notre cabinet fiscal vous propose une assistance sp\u00e9cialis\u00e9e afin [&hellip;]<\/p>\n","protected":false},"author":1,"featured_media":0,"parent":0,"menu_order":0,"comment_status":"closed","ping_status":"closed","template":"","meta":{"_seopress_robots_primary_cat":"","_seopress_titles_title":"Une comptabilit\u00e9 d'insolvabilit\u00e9 pr\u00e9cise pour les proc\u00e9dures d'autogestion","_seopress_titles_desc":"Comptabilit\u00e9 d'insolvabilit\u00e9 pr\u00e9cise pour les proc\u00e9dures d'autogestion : Assistance aux administrateurs judiciaires","_seopress_robots_index":"","_et_pb_use_builder":"on","_et_pb_old_content":"","_et_gb_content_width":"","footnotes":""},"class_list":["post-2002","page","type-page","status-publish","hentry"],"_links":{"self":[{"href":"https:\/\/ebbinghaus.eu\/fr\/wp-json\/wp\/v2\/pages\/2002","targetHints":{"allow":["GET"]}}],"collection":[{"href":"https:\/\/ebbinghaus.eu\/fr\/wp-json\/wp\/v2\/pages"}],"about":[{"href":"https:\/\/ebbinghaus.eu\/fr\/wp-json\/wp\/v2\/types\/page"}],"author":[{"embeddable":true,"href":"https:\/\/ebbinghaus.eu\/fr\/wp-json\/wp\/v2\/users\/1"}],"replies":[{"embeddable":true,"href":"https:\/\/ebbinghaus.eu\/fr\/wp-json\/wp\/v2\/comments?post=2002"}],"version-history":[{"count":4,"href":"https:\/\/ebbinghaus.eu\/fr\/wp-json\/wp\/v2\/pages\/2002\/revisions"}],"predecessor-version":[{"id":2168,"href":"https:\/\/ebbinghaus.eu\/fr\/wp-json\/wp\/v2\/pages\/2002\/revisions\/2168"}],"wp:attachment":[{"href":"https:\/\/ebbinghaus.eu\/fr\/wp-json\/wp\/v2\/media?parent=2002"}],"curies":[{"name":"wp","href":"https:\/\/api.w.org\/{rel}","templated":true}]}}