{"id":1996,"date":"2023-09-25T14:14:09","date_gmt":"2023-09-25T14:14:09","guid":{"rendered":"https:\/\/ebbinghaus.eu\/mentions-legales\/"},"modified":"2026-04-24T08:27:03","modified_gmt":"2026-04-24T08:27:03","slug":"mentions-legales","status":"publish","type":"page","link":"https:\/\/ebbinghaus.eu\/fr\/mentions-legales\/","title":{"rendered":"Mentions l\u00e9gales"},"content":{"rendered":"<p>[et_pb_section fb_built=\u00a0\u00bb1&Prime; _builder_version=\u00a0\u00bb4.27.3&Prime; _module_preset=\u00a0\u00bbdefault\u00a0\u00bb custom_margin=\u00a0\u00bb||||false|false\u00a0\u00bb custom_padding=\u00a0\u00bb235px||||false|false\u00a0\u00bb global_colors_info=\u00a0\u00bb{}\u00a0\u00bb][et_pb_row _builder_version=\u00a0\u00bb4.22.2&Prime; _module_preset=\u00a0\u00bbdefault\u00a0\u00bb global_colors_info=\u00a0\u00bb{}\u00a0\u00bb][et_pb_column type=\u00a0\u00bb4_4&Prime; _builder_version=\u00a0\u00bb4.22.2&Prime; _module_preset=\u00a0\u00bbdefault\u00a0\u00bb global_colors_info=\u00a0\u00bb{}\u00a0\u00bb][et_pb_text _builder_version=\u00a0\u00bb4.27.6&Prime; _module_preset=\u00a0\u00bbdefault\u00a0\u00bb header_font=\u00a0\u00bb|||on|||||\u00a0\u00bb header_2_font=\u00a0\u00bbopensans|700|||||||\u00a0\u00bb header_2_font_size=\u00a0\u00bb18px\u00a0\u00bb hover_enabled=\u00a0\u00bb0&Prime; global_colors_info=\u00a0\u00bb{}\u00a0\u00bb sticky_enabled=\u00a0\u00bb0&Prime;]<\/p>\n<div class=\"et_pb_module et_pb_text et_pb_text_0 et_pb_text_align_left et_pb_bg_layout_light\">\n<div class=\"et_pb_text_inner\">\n<h1>Mentions l\u00e9gales<\/h1>\n<\/div>\n<\/div>\n<div class=\"et_pb_module et_pb_text et_pb_text_1 et_pb_text_align_left et_pb_bg_layout_light\"><\/div>\n<div class=\"et_pb_module et_pb_text et_pb_text_1 et_pb_text_align_left et_pb_bg_layout_light\">\n<div class=\"et_pb_text_inner\">\n<p>Ebbinghaus GmbH<br \/>Soci\u00e9t\u00e9 d&rsquo;audit<\/p>\n<p>H\u00f6hscheider Stra\u00dfe 116<br \/>42699 Solingen<\/p>\n<p>T\u00e9l\u00e9phone : <a href=\"tel:+49212\/262080\">0212\/262080<\/a><br \/>T\u00e9l\u00e9copieur : <a href=\"tel:+49212\/2620899\">0212\/2620899<\/a><\/p>\n<p>Courrier \u00e9lectronique : <a href=\"mailto:info@ebbinghaus.eu\">info@ebbinghaus.eu<\/a><\/p>\n<p>PR, tribunal d&rsquo;enregistrement : tribunal d&rsquo;instance d&rsquo;Essen<\/p>\n<p>Num\u00e9ro d&rsquo;enregistrement : PR 4868<\/p>\n<p>Num\u00e9ro d&rsquo;identification de la taxe sur le chiffre d&rsquo;affaires conform\u00e9ment au \u00a7 27a de la loi sur la TVA : DE339081547<\/p>\n<p>Repr\u00e9sentants autoris\u00e9s : Prof. Dr Mark Ebbinghaus, Michael Klima<\/p>\n<p>Les titres professionnels ont \u00e9t\u00e9 d\u00e9cern\u00e9s en R\u00e9publique f\u00e9d\u00e9rale d&rsquo;Allemagne.<\/p>\n<p>&nbsp;<\/p>\n<h2>Chambres comp\u00e9tentes :<\/h2>\n<p><strong class=\"cms-bold\">Chambre des conseillers fiscaux de D\u00fcsseldorf<\/strong><\/p>\n<p>Grafenberger Allee 98<br \/>40237 D\u00fcsseldorf<\/p>\n<p>T\u00e9l\u00e9phone : 0211-66906-0<br \/>T\u00e9l\u00e9copieur : 0211-66906-600<\/p>\n<p>Courrier \u00e9lectronique : mail@stbk-duesseldorf.de<\/p>\n<p>(\u00e9galement autorit\u00e9 de surveillance comp\u00e9tente)<\/p>\n<p>&nbsp;<\/p>\n<p><strong class=\"cms-bold\">Ordre des experts-comptables <\/strong><\/p>\n<p>Soci\u00e9t\u00e9 de droit public<\/p>\n<p>26, rue de la Fum\u00e9e<\/p>\n<p>10787 Berlin<\/p>\n<p>T\u00e9l\u00e9phone : 030-72 61 61-0<\/p>\n<p>T\u00e9l\u00e9copieur : 030-72 61 61-212<\/p>\n<p>Courrier \u00e9lectronique : <a href=\"mailto:kontakt@wpk.de\">kontakt@wpk.de<\/a><\/p>\n<p>&nbsp;<\/p>\n<h2>R\u00e9glementation professionnelle :<span><\/span><\/h2>\n<h2><span>R\u00e9glementation professionnelle des conseillers fiscaux<\/span><\/h2>\n<div><span> <\/span><\/div>\n<ul>\n<li>Loi sur le conseil fiscal (StBerG)<\/li>\n<li>R\u00e8glement d&rsquo;application de la loi sur le conseil fiscal (DVStB)<\/li>\n<li>Code de d\u00e9ontologie de la Chambre f\u00e9d\u00e9rale des conseillers fiscaux (BOStB)<\/li>\n<li>R\u00e8glement sur les honoraires des conseillers fiscaux (StBVV)<\/li>\n<\/ul>\n<p>Les r\u00e8gles ci-dessus sont disponibles sur la page d&rsquo;accueil de la Chambre f\u00e9d\u00e9rale de conseil fiscal \u00e0 l&rsquo;adresse www.bstbk.de.<\/p>\n<p><strong class=\"cms-bold\">R\u00e9glementation professionnelle Experts-comptables\/commissaires aux comptes asserment\u00e9s :<\/strong><\/p>\n<ul>\n<li>Ordre des experts-comptables (WPO)<\/li>\n<li>Statut professionnel des auditeurs\/comptables asserment\u00e9s<\/li>\n<li>Statut de contr\u00f4le de qualit\u00e9 (BS WP\/vBP)<\/li>\n<li>R\u00e8glement sur les scell\u00e9s<\/li>\n<li>Ordonnance sur l&rsquo;assurance responsabilit\u00e9 civile professionnelle des experts-comptables (WPBHV)<\/li>\n<\/ul>\n<p>Les r\u00e8gles ci-dessus sont disponibles sur le site Internet de l&rsquo;Ordre des experts-comptables, \u00e0 l&rsquo;adresse www.wpk.de.<\/p>\n<p>&nbsp;<\/p>\n<h2>Informations sur l&rsquo;assurance responsabilit\u00e9 civile professionnelle<\/h2>\n<p>Assurance responsabilit\u00e9 civile professionnelle HDI AG<br \/>1, place Charles-de-Gaulle<br \/>50679 Cologne<br \/>Champ d&rsquo;application : R\u00e9publique f\u00e9d\u00e9rale d&rsquo;Allemagne<\/p>\n<p>&nbsp;<\/p>\n<h2>Clause de non-responsabilit\u00e9<\/h2>\n<p>&nbsp;<\/p>\n<p><strong>1. contenu de l&rsquo;offre en ligne<\/strong><br \/><span><span class=\"ui-provider bha bhb bhc bhd bhe bhf bhg bhh bhi bhj bhk bhl bhm bhn bho bhp bhq bhr bhs bht bhu bhv bhw bhx bhy bhz bia bib bic bid bie bif big bih bii\" dir=\"ltr\">Aucune garantie n&rsquo;est donn\u00e9e quant \u00e0 l&rsquo;actualit\u00e9, l&rsquo;exactitude, l&rsquo;exhaustivit\u00e9 ou la qualit\u00e9 des informations mises \u00e0 disposition. Toute demande de r\u00e9paration de dommages mat\u00e9riels ou immat\u00e9riels caus\u00e9s par l&rsquo;utilisation ou la non-utilisation des informations pr\u00e9sent\u00e9es ou par l&rsquo;utilisation d&rsquo;informations erron\u00e9es ou incompl\u00e8tes est exclue, sauf en cas de faute intentionnelle ou de n\u00e9gligence grave av\u00e9r\u00e9e. Toutes les offres sont sans engagement et non contractuelles. Nous nous r\u00e9servons le droit de modifier, de compl\u00e9ter ou de supprimer des parties de pages ou l&rsquo;ensemble de l&rsquo;offre sans avis pr\u00e9alable, ou d&rsquo;en suspendre temporairement ou d\u00e9finitivement la publication. <\/span><\/span><\/p>\n<p>&nbsp;<\/p>\n<p><strong>2. r\u00e9f\u00e9rences et liens<\/strong><br \/><span><span class=\"ui-provider bha bhb bhc bhd bhe bhf bhg bhh bhi bhj bhk bhl bhm bhn bho bhp bhq bhr bhs bht bhu bhv bhw bhx bhy bhz bia bib bic bid bie bif big bih bii\" dir=\"ltr\">En cas de renvois directs ou indirects \u00e0 des sites Internet externes (\u00ab\u00a0hyperliens\u00a0\u00bb) qui ne rel\u00e8vent pas de notre responsabilit\u00e9, notre responsabilit\u00e9 ne pourrait \u00eatre engag\u00e9e que si nous avions connaissance des contenus et qu&rsquo;il nous \u00e9tait techniquement possible d&#8217;emp\u00eacher leur utilisation en cas de contenus ill\u00e9gaux. Au moment de l&rsquo;\u00e9tablissement des liens, aucun contenu ill\u00e9gal n&rsquo;\u00e9tait express\u00e9ment identifiable sur les pages \u00e0 relier. Nous n&rsquo;avons aucune influence sur la conception actuelle et future, les contenus ou la paternit\u00e9 des pages li\u00e9es\/associ\u00e9es. Nous nous distan\u00e7ons express\u00e9ment de tous les contenus de toutes les pages li\u00e9es\/associ\u00e9es qui ont \u00e9t\u00e9 modifi\u00e9es apr\u00e8s la cr\u00e9ation des liens. Cette constatation s&rsquo;applique \u00e0 tous les liens et renvois plac\u00e9s au sein de l&rsquo;offre Internet ainsi qu&rsquo;aux inscriptions de tiers. Seul le fournisseur de la page \u00e0 laquelle il a \u00e9t\u00e9 renvoy\u00e9 est responsable des contenus ill\u00e9gaux, erron\u00e9s ou incomplets et en particulier des dommages r\u00e9sultant de l&rsquo;utilisation ou de la non-utilisation de ce type d&rsquo;informations, et non celui qui ne fait que renvoyer \u00e0 la publication concern\u00e9e par le biais de liens. <\/span><\/span><\/p>\n<p>&nbsp;<\/p>\n<p><strong>3. droit d&rsquo;auteur et droit des signes distinctifs<\/strong><br \/><span><span class=\"ui-provider bha bhb bhc bhd bhe bhf bhg bhh bhi bhj bhk bhl bhm bhn bho bhp bhq bhr bhs bht bhu bhv bhw bhx bhy bhz bia bib bic bid bie bif big bih bii\" dir=\"ltr\">Nous nous effor\u00e7ons de respecter les droits d&rsquo;auteur des graphiques, documents sonores, s\u00e9quences vid\u00e9o et textes utilis\u00e9s dans toutes les publications, d&rsquo;utiliser des graphiques, documents sonores, s\u00e9quences vid\u00e9o et textes cr\u00e9\u00e9s par nous-m\u00eames ou de recourir \u00e0 des graphiques, documents sonores, s\u00e9quences vid\u00e9o et textes libres de droits. Toutes les marques et marques d\u00e9pos\u00e9es mentionn\u00e9es dans l&rsquo;offre Internet et \u00e9ventuellement prot\u00e9g\u00e9es par des tiers sont soumises sans restriction aux dispositions du droit des marques en vigueur et aux droits de propri\u00e9t\u00e9 des propri\u00e9taires enregistr\u00e9s respectifs. La simple mention d&rsquo;une marque ne permet pas d&rsquo;en d\u00e9duire qu&rsquo;elle n&rsquo;est pas prot\u00e9g\u00e9e par les droits d&rsquo;un tiers ! Le copyright des objets publi\u00e9s et cr\u00e9\u00e9s par l&rsquo;auteur est r\u00e9serv\u00e9. Toute reproduction ou utilisation de tels graphiques, documents sonores, s\u00e9quences vid\u00e9o et textes dans d&rsquo;autres publications \u00e9lectroniques ou imprim\u00e9es est interdite sans autorisation expresse. <\/span><\/span><\/p>\n<p>&nbsp;<\/p>\n<p><strong>4. validit\u00e9 juridique de cette clause de non-responsabilit\u00e9<\/strong><br \/>Cette clause de non-responsabilit\u00e9 doit \u00eatre consid\u00e9r\u00e9e comme faisant partie de l&rsquo;offre Internet \u00e0 partir de laquelle il a \u00e9t\u00e9 renvoy\u00e9 \u00e0 cette page. Si des parties ou certaines formulations de ce texte ne devaient pas, plus ou pas enti\u00e8rement correspondre \u00e0 la situation juridique en vigueur, les autres parties du document n&rsquo;en seraient pas affect\u00e9es dans leur contenu et leur validit\u00e9.<\/p>\n<\/div>\n<\/div>\n<p>[\/et_pb_text][\/et_pb_column][\/et_pb_row][\/et_pb_section]<\/p>\n","protected":false},"excerpt":{"rendered":"<p>Mentions l\u00e9gales Ebbinghaus GmbHSoci\u00e9t\u00e9 d&rsquo;audit H\u00f6hscheider Stra\u00dfe 11642699 Solingen T\u00e9l\u00e9phone : 0212\/262080T\u00e9l\u00e9copieur : 0212\/2620899 Courrier \u00e9lectronique : info@ebbinghaus.eu PR, tribunal d&rsquo;enregistrement : tribunal d&rsquo;instance d&rsquo;Essen Num\u00e9ro d&rsquo;enregistrement : PR 4868 Num\u00e9ro d&rsquo;identification de la taxe sur le chiffre d&rsquo;affaires conform\u00e9ment au \u00a7 27a de la loi sur la TVA : DE339081547 Repr\u00e9sentants autoris\u00e9s : Prof. [&hellip;]<\/p>\n","protected":false},"author":1,"featured_media":0,"parent":0,"menu_order":0,"comment_status":"closed","ping_status":"closed","template":"","meta":{"_seopress_robots_primary_cat":"","_seopress_titles_title":"","_seopress_titles_desc":"","_seopress_robots_index":"","_et_pb_use_builder":"on","_et_pb_old_content":"","_et_gb_content_width":"","footnotes":""},"class_list":["post-1996","page","type-page","status-publish","hentry"],"_links":{"self":[{"href":"https:\/\/ebbinghaus.eu\/fr\/wp-json\/wp\/v2\/pages\/1996","targetHints":{"allow":["GET"]}}],"collection":[{"href":"https:\/\/ebbinghaus.eu\/fr\/wp-json\/wp\/v2\/pages"}],"about":[{"href":"https:\/\/ebbinghaus.eu\/fr\/wp-json\/wp\/v2\/types\/page"}],"author":[{"embeddable":true,"href":"https:\/\/ebbinghaus.eu\/fr\/wp-json\/wp\/v2\/users\/1"}],"replies":[{"embeddable":true,"href":"https:\/\/ebbinghaus.eu\/fr\/wp-json\/wp\/v2\/comments?post=1996"}],"version-history":[{"count":4,"href":"https:\/\/ebbinghaus.eu\/fr\/wp-json\/wp\/v2\/pages\/1996\/revisions"}],"predecessor-version":[{"id":2757,"href":"https:\/\/ebbinghaus.eu\/fr\/wp-json\/wp\/v2\/pages\/1996\/revisions\/2757"}],"wp:attachment":[{"href":"https:\/\/ebbinghaus.eu\/fr\/wp-json\/wp\/v2\/media?parent=1996"}],"curies":[{"name":"wp","href":"https:\/\/api.w.org\/{rel}","templated":true}]}}