{"id":1977,"date":"2024-11-07T10:16:20","date_gmt":"2024-11-07T10:16:20","guid":{"rendered":"https:\/\/ebbinghaus.eu\/externalisation-de-la-comptabilite-financiere\/"},"modified":"2025-07-23T11:27:08","modified_gmt":"2025-07-23T11:27:08","slug":"externalisation-de-la-comptabilite-financiere","status":"publish","type":"page","link":"https:\/\/ebbinghaus.eu\/fr\/externalisation-de-la-comptabilite-financiere\/","title":{"rendered":"Externalisation de la comptabilit\u00e9 financi\u00e8re"},"content":{"rendered":"<p>[et_pb_section fb_built=\u00a0\u00bb1&Prime; custom_padding_last_edited=\u00a0\u00bbon|phone\u00a0\u00bb _builder_version=\u00a0\u00bb4.27.3&Prime; _module_preset=\u00a0\u00bbdefault\u00a0\u00bb custom_margin=\u00a0\u00bb||||false|false\u00a0\u00bb custom_padding=\u00a0\u00bb170px||||false|false\u00a0\u00bb custom_padding_tablet=\u00a0\u00bb170px||||false|false\u00a0\u00bb custom_padding_phone=\u00a0\u00bb0px||||false|false\u00a0\u00bb global_colors_info=\u00a0\u00bb{}\u00a0\u00bb][et_pb_row _builder_version=\u00a0\u00bb4.27.2&Prime; _module_preset=\u00a0\u00bbdefault\u00a0\u00bb custom_margin=\u00a0\u00bb50px||100px||false|false\u00a0\u00bb custom_padding=\u00a0\u00bb||0px||false|false\u00a0\u00bb global_colors_info=\u00a0\u00bb{}\u00a0\u00bb][et_pb_column type=\u00a0\u00bb4_4&Prime; _builder_version=\u00a0\u00bb4.22.1&Prime; _module_preset=\u00a0\u00bbdefault\u00a0\u00bb global_colors_info=\u00a0\u00bb{}\u00a0\u00bb][et_pb_text _builder_version=\u00a0\u00bb4.27.2&Prime; _module_preset=\u00a0\u00bbdefault\u00a0\u00bb header_font=\u00a0\u00bbopensans||||||||\u00a0\u00bb header_font_size=\u00a0\u00bb16px\u00a0\u00bb header_2_font_size=\u00a0\u00bb16px\u00a0\u00bb global_colors_info=\u00a0\u00bb{}\u00a0\u00bb]<\/p>\n<h2>Externalisation &gt; Pour les clients<\/h2>\n<p>[\/et_pb_text][et_pb_text content_tablet=\u00a0\u00bb<\/p>\n<h1>Externalisation de la comptabilit\u00e9 financi\u00e8re : une gestion efficace et professionnelle<\/h1>\n<p>\u00a0\u00bb content_phone=\u00a0\u00bb<\/p>\n<h1>Externalisation de la comptabilit\u00e9 financi\u00e8re : un service efficace et professionnel<\/h1>\n<p>\u00a0\u00bb content_last_edited=\u00a0\u00bbon|phone\u00a0\u00bb _builder_version=\u00a0\u00bb4.27.3&Prime; _module_preset=\u00a0\u00bbdefault\u00a0\u00bb header_font=\u00a0\u00bbopensans|500||on|||||\u00a0\u00bb header_font_size=\u00a0\u00bb46px\u00a0\u00bb header_line_height=\u00a0\u00bb1.3em\u00a0\u00bb header_2_font=\u00a0\u00bbopensans|500||on|||||\u00a0\u00bb header_2_font_size=\u00a0\u00bb46px\u00a0\u00bb header_2_line_height=\u00a0\u00bb1.3em\u00a0\u00bb header_font_size_tablet=\u00a0\u00bb46px\u00a0\u00bb header_font_size_phone=\u00a0\u00bb30px\u00a0\u00bb header_font_size_last_edited=\u00a0\u00bbon|phone\u00a0\u00bb header_2_font_size_tablet=\u00a0\u00bb46px\u00a0\u00bb header_2_font_size_phone=\u00a0\u00bb30px\u00a0\u00bb header_2_font_size_last_edited=\u00a0\u00bbon|phone\u00a0\u00bb global_colors_info=\u00a0\u00bb{}\u00a0\u00bb]<\/p>\n<h1>Externalisation de la comptabilit\u00e9 financi\u00e8re :<br \/>\nEfficace et suivi par des professionnels<\/h1>\n<p>[\/et_pb_text][et_pb_text _builder_version=\u00a0\u00bb4.27.2&Prime; _module_preset=\u00a0\u00bbdefault\u00a0\u00bb text_font=\u00a0\u00bbopensans|300|||||||\u00a0\u00bb text_font_size=\u00a0\u00bb16px\u00a0\u00bb text_line_height=\u00a0\u00bb2em\u00a0\u00bb header_font=\u00a0\u00bbopensans||||||||\u00a0\u00bb header_font_size=\u00a0\u00bb16px\u00a0\u00bb header_2_font=\u00a0\u00bbopensans|500||on|||||\u00a0\u00bb header_2_font_size=\u00a0\u00bb60px\u00a0\u00bb header_2_line_height=\u00a0\u00bb1.3em\u00a0\u00bb width=\u00a0\u00bb88%\u00a0\u00bb width_tablet=\u00a0\u00bb88%\u00a0\u00bb width_phone=\u00a0\u00bb100%\u00a0\u00bb width_last_edited=\u00a0\u00bbon|phone\u00a0\u00bb custom_margin=\u00a0\u00bb||0px||false|false\u00a0\u00bb custom_padding=\u00a0\u00bb||0px||false|false\u00a0\u00bb global_colors_info=\u00a0\u00bb{}\u00a0\u00bb]L&rsquo;externalisation de la comptabilit\u00e9 financi\u00e8re vous permet de vous concentrer pleinement sur votre activit\u00e9 principale, tandis que nous nous chargeons de votre comptabilit\u00e9 avec pr\u00e9cision et dans les d\u00e9lais impartis. Cela permet non seulement de gagner un temps pr\u00e9cieux, mais aussi d&rsquo;acc\u00e9der \u00e0 une expertise actualis\u00e9e et \u00e0 des solutions num\u00e9riques de pointe. Gr\u00e2ce \u00e0 l&rsquo;externalisation, vous b\u00e9n\u00e9ficiez d&rsquo;une efficacit\u00e9 accrue, de co\u00fbts administratifs r\u00e9duits et de la garantie que vos processus financiers sont toujours conformes aux exigences l\u00e9gales.<br \/>\n&nbsp;<br \/>\nNos sp\u00e9cialistes exp\u00e9riment\u00e9s se chargent de la comptabilit\u00e9 financi\u00e8re courante, \u00e9tablissent pour vous des analyses \u00e9conomiques pertinentes (BWA) ainsi que des rapports. Vous gardez ainsi \u00e0 tout moment une vue d&rsquo;ensemble de votre situation financi\u00e8re et prenez des d\u00e9cisions en connaissance de cause.<br \/>\n&nbsp;<br \/>\nEn outre, nous utilisons des solutions comptables num\u00e9riques modernes qui vous permettent une gestion sans papier et efficace. Les plates-formes en ligne vous permettent d&rsquo;acc\u00e9der \u00e0 tout moment \u00e0 vos donn\u00e9es et documents, ce qui simplifie le flux d&rsquo;informations et assure la transparence.[\/et_pb_text][\/et_pb_column][\/et_pb_row][et_pb_row _builder_version=\u00a0\u00bb4.27.2&Prime; _module_preset=\u00a0\u00bbdefault\u00a0\u00bb custom_margin=\u00a0\u00bb50px||50px||true|false\u00a0\u00bb global_colors_info=\u00a0\u00bb{}\u00a0\u00bb][et_pb_column type=\u00a0\u00bb4_4&Prime; _builder_version=\u00a0\u00bb4.22.1&Prime; _module_preset=\u00a0\u00bbdefault\u00a0\u00bb global_colors_info=\u00a0\u00bb{}\u00a0\u00bb][et_pb_text _builder_version=\u00a0\u00bb4.27.2&Prime; _module_preset=\u00a0\u00bbdefault\u00a0\u00bb header_font=\u00a0\u00bbopensans||||||||\u00a0\u00bb header_font_size=\u00a0\u00bb16px\u00a0\u00bb header_2_font=\u00a0\u00bbopensans|500||on|||||\u00a0\u00bb header_2_font_size=\u00a0\u00bb38px\u00a0\u00bb header_2_line_height=\u00a0\u00bb1.3em\u00a0\u00bb header_3_font=\u00a0\u00bbopensans|500||on|||||\u00a0\u00bb header_3_font_size=\u00a0\u00bb38px\u00a0\u00bb header_3_line_height=\u00a0\u00bb1.3em\u00a0\u00bb custom_margin=\u00a0\u00bb||||false|false\u00a0\u00bb custom_padding=\u00a0\u00bb0px||||false|false\u00a0\u00bb header_2_font_size_tablet=\u00a0\u00bb46px\u00a0\u00bb header_2_font_size_phone=\u00a0\u00bb26px\u00a0\u00bb header_2_font_size_last_edited=\u00a0\u00bbon|phone\u00a0\u00bb header_3_font_size_tablet=\u00a0\u00bb38px\u00a0\u00bb header_3_font_size_phone=\u00a0\u00bb25px\u00a0\u00bb header_3_font_size_last_edited=\u00a0\u00bbon|phone\u00a0\u00bb global_colors_info=\u00a0\u00bb{}\u00a0\u00bb]<\/p>\n<h3>Nos services :<\/h3>\n<p>[\/et_pb_text][et_pb_text _builder_version=\u00a0\u00bb4.27.2&Prime; _module_preset=\u00a0\u00bbdefault\u00a0\u00bb text_font=\u00a0\u00bbopensans|300|||||||\u00a0\u00bb text_font_size=\u00a0\u00bb20px\u00a0\u00bb text_line_height=\u00a0\u00bb2.5em\u00a0\u00bb ul_line_height=\u00a0\u00bb1.7em\u00a0\u00bb header_font=\u00a0\u00bbopensans||||||||\u00a0\u00bb header_font_size=\u00a0\u00bb16px\u00a0\u00bb header_2_font=\u00a0\u00bbopensans|500||on|||||\u00a0\u00bb header_2_font_size=\u00a0\u00bb60px\u00a0\u00bb header_2_line_height=\u00a0\u00bb1.3em\u00a0\u00bb width=\u00a0\u00bb88%\u00a0\u00bb width_tablet=\u00a0\u00bb88%\u00a0\u00bb width_phone=\u00a0\u00bb100%\u00a0\u00bb width_last_edited=\u00a0\u00bbon|phone\u00a0\u00bb custom_padding=\u00a0\u00bb||0px||false|false\u00a0\u00bb text_font_size_tablet=\u00a0\u00bb22px\u00a0\u00bb text_font_size_phone=\u00a0\u00bb18px\u00a0\u00bb text_font_size_last_edited=\u00a0\u00bbon|phone\u00a0\u00bb global_colors_info=\u00a0\u00bb{}\u00a0\u00bb]<\/p>\n<ul>\n<li><strong>Comptabilit\u00e9 financi\u00e8re jusqu&rsquo;\u00e0 un chiffre d&rsquo;affaires annuel de 100 millions d&rsquo;euros<br \/>\n<\/strong>Nous g\u00e9rons des entreprises avec un chiffre d&rsquo;affaires annuel \u00e9lev\u00e9 et garantissons une comptabilit\u00e9 en bonne et due forme.<\/li>\n<\/ul>\n<ul>\n<li><strong>Services de soins et \u00e9tablissements conform\u00e9ment \u00e0 l&rsquo;ordonnance sur la comptabilit\u00e9 des soins<br \/>\n<\/strong>Accompagnement professionnel des services de soins conform\u00e9ment aux exigences particuli\u00e8res de l&rsquo;ordonnance sur la comptabilit\u00e9 des soins.<\/li>\n<\/ul>\n<ul>\n<li><strong>Comptabilit\u00e9 conforme \u00e0 la GoBD et aux exigences de r\u00e9vision<br \/>\n<\/strong>Nous veillons \u00e0 ce que votre comptabilit\u00e9 soit conforme \u00e0 la GoBD et aux exigences de r\u00e9vision.<\/li>\n<\/ul>\n<ul>\n<li><strong>Rapports pour les parties prenantes<br \/>\n<\/strong>Cr\u00e9ation de rapports pr\u00e9cis et pertinents pour vos investisseurs et partenaires commerciaux.<\/li>\n<\/ul>\n<ul>\n<li><strong>Consolidation pour les structures de groupe<br \/>\n<\/strong>Services de consolidation pour regrouper efficacement les donn\u00e9es financi\u00e8res dans les structures de groupe.<\/li>\n<\/ul>\n<ul>\n<li><strong>Solutions de comptabilit\u00e9 num\u00e9rique<br \/>\n<\/strong>Des processus comptables efficaces et sans papier qui vous permettent d&rsquo;acc\u00e9der \u00e0 vos documents \u00e0 tout moment.<\/li>\n<\/ul>\n<p>[\/et_pb_text][\/et_pb_column][\/et_pb_row][et_pb_row _builder_version=\u00a0\u00bb4.22.1&Prime; _module_preset=\u00a0\u00bbdefault\u00a0\u00bb custom_margin=\u00a0\u00bb50px||50px||true|false\u00a0\u00bb global_colors_info=\u00a0\u00bb{}\u00a0\u00bb][et_pb_column type=\u00a0\u00bb4_4&Prime; _builder_version=\u00a0\u00bb4.22.1&Prime; _module_preset=\u00a0\u00bbdefault\u00a0\u00bb global_colors_info=\u00a0\u00bb{}\u00a0\u00bb][et_pb_text _builder_version=\u00a0\u00bb4.27.2&Prime; _module_preset=\u00a0\u00bbdefault\u00a0\u00bb text_font=\u00a0\u00bbopensans|700|||||||\u00a0\u00bb text_font_size=\u00a0\u00bb16px\u00a0\u00bb text_line_height=\u00a0\u00bb2em\u00a0\u00bb width=\u00a0\u00bb50%\u00a0\u00bb width_tablet=\u00a0\u00bb50%\u00a0\u00bb width_phone=\u00a0\u00bb80%\u00a0\u00bb width_last_edited=\u00a0\u00bbon|phone\u00a0\u00bb locked=\u00a0\u00bboff\u00a0\u00bb global_colors_info=\u00a0\u00bb{}\u00a0\u00bb]<strong>Notre externalisation de la comptabilit\u00e9 financi\u00e8re vous permet de gagner du temps et des ressources pour vous concentrer sur les objectifs strat\u00e9giques de votre entreprise. Contactez-nous pour une solution sur mesure.<\/strong>[\/et_pb_text][et_pb_divimenus_flex hide_button=\u00a0\u00bbon\u00a0\u00bb menu_button_background_color=\u00a0\u00bb#000000&Prime; _builder_version=\u00a0\u00bb4.27.4&Prime; _module_preset=\u00a0\u00bbdefault\u00a0\u00bb background_color=\u00a0\u00bbRGBA(255,255,255,0)\u00a0\u00bb hover_enabled=\u00a0\u00bb0&Prime; locked=\u00a0\u00bboff\u00a0\u00bb global_colors_info=\u00a0\u00bb{}\u00a0\u00bb sticky_enabled=\u00a0\u00bb0&Prime;][et_pb_divimenus_flex_item title=\u00a0\u00bbEntretien de conseil\u00a0\u00bb text_use_icon=\u00a0\u00bbon\u00a0\u00bb text_font_icon=\u00a0\u00bb&#x26;||divi||400&Prime; text_icon_pos=\u00a0\u00bbright\u00a0\u00bb text_icon_font_size=\u00a0\u00bb16px\u00a0\u00bb url=\u00a0\u00bb@ET-DC@eyJkeW5hbWljIjp0cnVlLCJjb250ZW50IjoicG9zdF9saW5rX3VybF9wYWdlIiwic2V0dGluZ3MiOnsicG9zdF9pZCI6Ijk0In19@\u00a0\u00bb _builder_version=\u00a0\u00bb4.27.4&Prime; _module_preset=\u00a0\u00bbdefault\u00a0\u00bb item_font=\u00a0\u00bbopensans|600|||||||\u00a0\u00bb item_text_color=\u00a0\u00bb#FFFFFF\u00a0\u00bb item_font_size=\u00a0\u00bb14px\u00a0\u00bb background_color=\u00a0\u00bb#0a4398&Prime; background_enable_color=\u00a0\u00bbon\u00a0\u00bb custom_padding=\u00a0\u00bb|24px||24px|false|true\u00a0\u00bb hover_enabled=\u00a0\u00bb0&Prime; global_colors_info=\u00a0\u00bb{}\u00a0\u00bb background__hover_enabled=\u00a0\u00bbon|hover\u00a0\u00bb background_color__hover=\u00a0\u00bb#3f3f3f\u00a0\u00bb background_enable_color__hover=\u00a0\u00bbon\u00a0\u00bb text_icon_padding__hover_enabled=\u00a0\u00bbon|hover\u00a0\u00bb text_icon_padding__hover=\u00a0\u00bb0.8em\u00a0\u00bb direction=\u00a0\u00bbrow\u00a0\u00bb force_fullwidth=\u00a0\u00bboff\u00a0\u00bb _dynamic_attributes=\u00a0\u00bburl\u00a0\u00bb sticky_enabled=\u00a0\u00bb0&Prime;][\/et_pb_divimenus_flex_item][\/et_pb_divimenus_flex][\/et_pb_column][\/et_pb_row][\/et_pb_section]<\/p>\n","protected":false},"excerpt":{"rendered":"<p>Externalisation &gt; Pour les clientsExternalisation de la comptabilit\u00e9 financi\u00e8re : Efficace et suivi par des professionnelsL&rsquo;externalisation de la comptabilit\u00e9 financi\u00e8re vous permet de vous concentrer pleinement sur votre activit\u00e9 principale, tandis que nous nous chargeons de votre comptabilit\u00e9 avec pr\u00e9cision et dans les d\u00e9lais impartis. Cela permet non seulement de gagner un temps pr\u00e9cieux, mais [&hellip;]<\/p>\n","protected":false},"author":1,"featured_media":0,"parent":0,"menu_order":0,"comment_status":"closed","ping_status":"closed","template":"","meta":{"_seopress_robots_primary_cat":"","_seopress_titles_title":"Externalisation de la comptabilit\u00e9 financi\u00e8re : une gestion efficace et professionnelle","_seopress_titles_desc":"L'externalisation de la comptabilit\u00e9 financi\u00e8re vous permet de vous concentrer pleinement sur votre activit\u00e9 principale pendant que nous nous occupons de votre comptabilit\u00e9.","_seopress_robots_index":"","_et_pb_use_builder":"on","_et_pb_old_content":"","_et_gb_content_width":"","footnotes":""},"class_list":["post-1977","page","type-page","status-publish","hentry"],"_links":{"self":[{"href":"https:\/\/ebbinghaus.eu\/fr\/wp-json\/wp\/v2\/pages\/1977","targetHints":{"allow":["GET"]}}],"collection":[{"href":"https:\/\/ebbinghaus.eu\/fr\/wp-json\/wp\/v2\/pages"}],"about":[{"href":"https:\/\/ebbinghaus.eu\/fr\/wp-json\/wp\/v2\/types\/page"}],"author":[{"embeddable":true,"href":"https:\/\/ebbinghaus.eu\/fr\/wp-json\/wp\/v2\/users\/1"}],"replies":[{"embeddable":true,"href":"https:\/\/ebbinghaus.eu\/fr\/wp-json\/wp\/v2\/comments?post=1977"}],"version-history":[{"count":4,"href":"https:\/\/ebbinghaus.eu\/fr\/wp-json\/wp\/v2\/pages\/1977\/revisions"}],"predecessor-version":[{"id":2157,"href":"https:\/\/ebbinghaus.eu\/fr\/wp-json\/wp\/v2\/pages\/1977\/revisions\/2157"}],"wp:attachment":[{"href":"https:\/\/ebbinghaus.eu\/fr\/wp-json\/wp\/v2\/media?parent=1977"}],"curies":[{"name":"wp","href":"https:\/\/api.w.org\/{rel}","templated":true}]}}