{"id":1946,"date":"2023-09-22T08:07:01","date_gmt":"2023-09-22T08:07:01","guid":{"rendered":"https:\/\/ebbinghaus.eu\/comptabilite\/"},"modified":"2025-07-22T14:38:05","modified_gmt":"2025-07-22T14:38:05","slug":"comptabilite","status":"publish","type":"page","link":"https:\/\/ebbinghaus.eu\/fr\/comptabilite\/","title":{"rendered":"Comptabilit\u00e9"},"content":{"rendered":"<p>[et_pb_section fb_built=\u00a0\u00bb1&Prime; fullwidth=\u00a0\u00bbon\u00a0\u00bb _builder_version=\u00a0\u00bb4.22.1&Prime; _module_preset=\u00a0\u00bbdefault\u00a0\u00bb custom_margin=\u00a0\u00bb||||false|false\u00a0\u00bb custom_padding=\u00a0\u00bb||||false|false\u00a0\u00bb global_colors_info=\u00a0\u00bb{}\u00a0\u00bb][et_pb_fullwidth_image src=\u00a0\u00bbhttps:\/\/ebbinghaus.eu\/wp-content\/uploads\/2023\/10\/header_rechnungswesen_bilanzierung_01_Ebbinghauser_pflegedienste.jpg\u00a0\u00bb alt=\u00a0\u00bbcomptabilit\u00e9 bilan conseiller fiscal services de soins\u00a0\u00bb title_text=\u00a0\u00bbheader_mobile_comptabilit\u00e9_Ebbinghaus_01&Prime; src_tablet=\u00a0\u00bbhttps:\/\/ebbinghaus.eu\/wp-content\/uploads\/2023\/09\/header_rechnungswesen_bilanzierung_steuerberater_pflegedienste.jpg\u00a0\u00bb src_phone=\u00a0\u00bbhttps:\/\/ebbinghaus.eu\/wp-content\/uploads\/2023\/10\/header_mobile_Rechnungswesen_Ebbinghaus_01.jpg\u00a0\u00bb src_last_edited=\u00a0\u00bbon|phone\u00a0\u00bb _builder_version=\u00a0\u00bb4.22.2&Prime; _module_preset=\u00a0\u00bbdefault\u00a0\u00bb filter_saturate=\u00a0\u00bb92%\u00a0\u00bb filter_brightness=\u00a0\u00bb101%\u00a0\u00bb filter_contrast=\u00a0\u00bb107%\u00a0\u00bb global_colors_info=\u00a0\u00bb{}\u00a0\u00bb][\/et_pb_fullwidth_image][\/et_pb_section][et_pb_section fb_built=\u00a0\u00bb1&Prime; _builder_version=\u00a0\u00bb4.22.1&Prime; _module_preset=\u00a0\u00bbdefault\u00a0\u00bb global_colors_info=\u00a0\u00bb{}\u00a0\u00bb][et_pb_row _builder_version=\u00a0\u00bb4.22.1&Prime; _module_preset=\u00a0\u00bbdefault\u00a0\u00bb custom_margin=\u00a0\u00bb50px||50px||true|false\u00a0\u00bb global_colors_info=\u00a0\u00bb{}\u00a0\u00bb][et_pb_column type=\u00a0\u00bb4_4&Prime; _builder_version=\u00a0\u00bb4.22.1&Prime; _module_preset=\u00a0\u00bbdefault\u00a0\u00bb global_colors_info=\u00a0\u00bb{}\u00a0\u00bb][et_pb_text _builder_version=\u00a0\u00bb4.22.2&Prime; _module_preset=\u00a0\u00bbdefault\u00a0\u00bb header_font=\u00a0\u00bbopensans||||||||\u00a0\u00bb header_font_size=\u00a0\u00bb16px\u00a0\u00bb header_line_height_tablet=\u00a0\u00bb\u00a0\u00bb header_line_height_phone=\u00a0\u00bb1.6em\u00a0\u00bb header_line_height_last_edited=\u00a0\u00bbon|phone\u00a0\u00bb global_colors_info=\u00a0\u00bb{}\u00a0\u00bb]<\/p>\n<h1>Gestion de la paie &amp; comptabilit\u00e9 financi\u00e8re pour les entreprises<\/h1>\n<p>[\/et_pb_text][et_pb_text _builder_version=\u00a0\u00bb4.23&Prime; _module_preset=\u00a0\u00bbdefault\u00a0\u00bb header_font=\u00a0\u00bbopensans||||||||\u00a0\u00bb header_font_size=\u00a0\u00bb16px\u00a0\u00bb header_2_font=\u00a0\u00bbopensans|500||on|||||\u00a0\u00bb header_2_font_size=\u00a0\u00bb46px\u00a0\u00bb header_2_line_height=\u00a0\u00bb1.3em\u00a0\u00bb header_2_font_size_tablet=\u00a0\u00bb46px\u00a0\u00bb header_2_font_size_phone=\u00a0\u00bb26px\u00a0\u00bb header_2_font_size_last_edited=\u00a0\u00bbon|phone\u00a0\u00bb global_colors_info=\u00a0\u00bb{}\u00a0\u00bb]<\/p>\n<h2>Gestion de la paie &amp; comptabilit\u00e9 financi\u00e8re.<\/h2>\n<p>[\/et_pb_text][et_pb_text _builder_version=\u00a0\u00bb4.23&Prime; _module_preset=\u00a0\u00bbdefault\u00a0\u00bb text_font=\u00a0\u00bbopensans|300|||||||\u00a0\u00bb text_font_size=\u00a0\u00bb16px\u00a0\u00bb text_line_height=\u00a0\u00bb2em\u00a0\u00bb header_font=\u00a0\u00bbopensans||||||||\u00a0\u00bb header_font_size=\u00a0\u00bb16px\u00a0\u00bb header_2_font=\u00a0\u00bbopensans|500||on|||||\u00a0\u00bb header_2_font_size=\u00a0\u00bb60px\u00a0\u00bb header_2_line_height=\u00a0\u00bb1.3em\u00a0\u00bb width=\u00a0\u00bb88%\u00a0\u00bb width_tablet=\u00a0\u00bb88%\u00a0\u00bb width_phone=\u00a0\u00bb100%\u00a0\u00bb width_last_edited=\u00a0\u00bbon|phone\u00a0\u00bb custom_margin=\u00a0\u00bb||73px|||\u00a0\u00bb custom_padding=\u00a0\u00bb||0px||false|false\u00a0\u00bb global_colors_info=\u00a0\u00bb{}\u00a0\u00bb]<\/p>\n<p>Nous comprenons que la comptabilit\u00e9 et le bilan sont au c\u0153ur de toute entreprise, quelle que soit sa taille. Que vous soyez \u00e0 la t\u00eate d&rsquo;une petite start-up, d&rsquo;une entreprise de taille moyenne ou d&rsquo;une grande entreprise, une comptabilit\u00e9 rigoureuse et des comptes pr\u00e9cis sont essentiels pour assurer la stabilit\u00e9 financi\u00e8re et la croissance.<\/p>\n<p>Cependant, dans notre monde en constante \u00e9volution, il est essentiel de rester au fait des derni\u00e8res \u00e9volutions technologiques. L&rsquo;architecture logicielle de DATEV permet aussi bien des mod\u00e8les d&rsquo;externalisation que l&rsquo;aide \u00e0 la num\u00e9risation de vos processus internes.<\/p>\n<p>En 2022, nous avons d\u00e9j\u00e0 introduit la solution \u00ab\u00a0Unternehmen online\u00a0\u00bb de DATEV afin de rendre nos services encore plus efficaces et conviviaux. Cela signifie qu&rsquo;\u00e0 l&rsquo;avenir, nous pourrons encore mieux r\u00e9pondre \u00e0 vos besoins individuels en vous fournissant une plate-forme de collaboration s\u00fbre et pratique.<\/p>\n<p>Notre expertise en mati\u00e8re de paie et de comptabilit\u00e9 financi\u00e8re couvre toute la gamme des services indispensables aux entreprises, de la comptabilit\u00e9 financi\u00e8re pr\u00e9cise \u00e0 la comptabilit\u00e9 analytique strat\u00e9gique et \u00e0 l&rsquo;\u00e9tablissement des comptes annuels, en passant par la gestion minutieuse des salaires.  <strong>Cela inclut<\/strong><\/p>\n<p>[\/et_pb_text][et_pb_text _builder_version=\u00a0\u00bb4.23&Prime; _module_preset=\u00a0\u00bbdefault\u00a0\u00bb text_font=\u00a0\u00bbopensans|300|||||||\u00a0\u00bb text_font_size=\u00a0\u00bb22px\u00a0\u00bb text_line_height=\u00a0\u00bb2.4em\u00a0\u00bb header_font=\u00a0\u00bbopensans||||||||\u00a0\u00bb header_font_size=\u00a0\u00bb16px\u00a0\u00bb header_2_font=\u00a0\u00bbopensans|500||on|||||\u00a0\u00bb header_2_font_size=\u00a0\u00bb60px\u00a0\u00bb header_2_line_height=\u00a0\u00bb1.3em\u00a0\u00bb width=\u00a0\u00bb95%\u00a0\u00bb width_tablet=\u00a0\u00bb95%\u00a0\u00bb width_phone=\u00a0\u00bb100%\u00a0\u00bb width_last_edited=\u00a0\u00bbon|phone\u00a0\u00bb custom_margin=\u00a0\u00bb||||false|false\u00a0\u00bb custom_padding=\u00a0\u00bb||0px||false|false\u00a0\u00bb text_font_size_tablet=\u00a0\u00bb22px\u00a0\u00bb text_font_size_phone=\u00a0\u00bb18px\u00a0\u00bb text_font_size_last_edited=\u00a0\u00bbon|phone\u00a0\u00bb global_colors_info=\u00a0\u00bb{}\u00a0\u00bb]<\/p>\n<p>&#8211; Comptabilit\u00e9 financi\u00e8re avec plan comptable sp\u00e9cifique \u00e0 la branche<br \/>&#8211; Comptabilit\u00e9 financi\u00e8re conforme \u00e0 la norme GoBD et aux normes de r\u00e9vision <br \/>&#8211; Conception et mise en place d&rsquo;un syst\u00e8me de comptabilit\u00e9 analytique<br \/>&#8211; Gestion des salaires<br \/>&#8211; Pr\u00e9paration de rapports pour les parties prenantes<br \/>&#8211; Services de consolidation pour les structures de groupe<\/p>\n<p>[\/et_pb_text][et_pb_text _builder_version=\u00a0\u00bb4.22.2&Prime; _module_preset=\u00a0\u00bbdefault\u00a0\u00bb header_font=\u00a0\u00bbopensans||||||||\u00a0\u00bb header_font_size=\u00a0\u00bb16px\u00a0\u00bb header_2_font=\u00a0\u00bbopensans|500||on|||||\u00a0\u00bb header_2_font_size=\u00a0\u00bb38px\u00a0\u00bb header_2_line_height=\u00a0\u00bb1.3em\u00a0\u00bb header_3_font=\u00a0\u00bbopensans|500||on|||||\u00a0\u00bb header_3_font_size=\u00a0\u00bb38px\u00a0\u00bb header_3_line_height=\u00a0\u00bb1.3em\u00a0\u00bb custom_margin=\u00a0\u00bb||||false|false\u00a0\u00bb custom_padding=\u00a0\u00bb80px||||false|false\u00a0\u00bb header_2_font_size_tablet=\u00a0\u00bb46px\u00a0\u00bb header_2_font_size_phone=\u00a0\u00bb28px\u00a0\u00bb header_2_font_size_last_edited=\u00a0\u00bbon|phone\u00a0\u00bb header_3_font_size_tablet=\u00a0\u00bb38px\u00a0\u00bb header_3_font_size_phone=\u00a0\u00bb25px\u00a0\u00bb header_3_font_size_last_edited=\u00a0\u00bbon|phone\u00a0\u00bb global_colors_info=\u00a0\u00bb{}\u00a0\u00bb]<\/p>\n<h3>VOS B\u00c9N\u00c9FICES.<\/h3>\n<p>[\/et_pb_text][et_pb_text _builder_version=\u00a0\u00bb4.23&Prime; _module_preset=\u00a0\u00bbdefault\u00a0\u00bb text_font=\u00a0\u00bbopensans|300|||||||\u00a0\u00bb text_font_size=\u00a0\u00bb22px\u00a0\u00bb text_line_height=\u00a0\u00bb2.4em\u00a0\u00bb header_font=\u00a0\u00bbopensans||||||||\u00a0\u00bb header_font_size=\u00a0\u00bb16px\u00a0\u00bb header_2_font=\u00a0\u00bbopensans|500||on|||||\u00a0\u00bb header_2_font_size=\u00a0\u00bb60px\u00a0\u00bb header_2_line_height=\u00a0\u00bb1.3em\u00a0\u00bb width=\u00a0\u00bb88%\u00a0\u00bb width_tablet=\u00a0\u00bb88%\u00a0\u00bb width_phone=\u00a0\u00bb100%\u00a0\u00bb width_last_edited=\u00a0\u00bbon|phone\u00a0\u00bb custom_margin=\u00a0\u00bb||126px|||\u00a0\u00bb custom_padding=\u00a0\u00bb||0px||false|false\u00a0\u00bb text_font_size_tablet=\u00a0\u00bb22px\u00a0\u00bb text_font_size_phone=\u00a0\u00bb18px\u00a0\u00bb text_font_size_last_edited=\u00a0\u00bbon|phone\u00a0\u00bb global_colors_info=\u00a0\u00bb{}\u00a0\u00bb]<\/p>\n<p>&#8211; Interpr\u00e9tation de vos donn\u00e9es financi\u00e8res pour une vision claire de la situation de l&rsquo;entreprise<br \/>&#8211; Gain de temps &#8211; gr\u00e2ce \u00e0 la transmission num\u00e9rique des documents<br \/>&#8211; Acc\u00e8s flexible aux donn\u00e9es, o\u00f9 que vous soyez &#8211; \u00e0 tout moment <br \/>&#8211; Aide \u00e0 l&rsquo;optimisation des liquidit\u00e9s<br \/>&#8211; S\u00e9curit\u00e9 \u00e9lev\u00e9e de vos donn\u00e9es gr\u00e2ce \u00e0 un environnement particuli\u00e8rement prot\u00e9g\u00e9<br \/>&#8211; Facturation des salaires transparente et en temps voulu<br \/>&#8211; Aper\u00e7u s\u00fbr de la situation patrimoniale, financi\u00e8re et des r\u00e9sultats de votre entreprise<br \/>&#8211; Comptes annuels conformes aux normes comptables internationales (IFRS)<\/p>\n<p>[\/et_pb_text][et_pb_text _builder_version=\u00a0\u00bb4.23&Prime; _module_preset=\u00a0\u00bbdefault\u00a0\u00bb text_font=\u00a0\u00bbopensans|700|||||||\u00a0\u00bb width=\u00a0\u00bb50%\u00a0\u00bb width_tablet=\u00a0\u00bb50%\u00a0\u00bb width_phone=\u00a0\u00bb80%\u00a0\u00bb width_last_edited=\u00a0\u00bbon|phone\u00a0\u00bb global_colors_info=\u00a0\u00bb{}\u00a0\u00bb]<\/p>\n<p><span><span class=\"ui-provider ee bsc bqz bsd bse bsf bsg bsh bsi bsj bsk bsl bsm bsn bso bsp bsq bsr bss bst bsu bsv bsw bsx bsy bsz bta btb btc btd bte btf btg bth bti\" dir=\"ltr\">N&rsquo;h\u00e9sitez pas \u00e0 nous contacter. Ensemble, nous trouvons avec beaucoup de sensibilit\u00e9 la bonne compr\u00e9hension de vos souhaits.<\/span><\/span><\/p>\n<p>[\/et_pb_text][et_pb_divimenus_flex hide_button=\u00a0\u00bbon\u00a0\u00bb menu_button_background_color=\u00a0\u00bb#000000&Prime; _builder_version=\u00a0\u00bb4.23&Prime; _module_preset=\u00a0\u00bbdefault\u00a0\u00bb background_color=\u00a0\u00bbRGBA(255,255,255,0)\u00a0\u00bb global_colors_info=\u00a0\u00bb{}\u00a0\u00bb][et_pb_divimenus_flex_item title=\u00a0\u00bbEntretien de conseil\u00a0\u00bb text_use_icon=\u00a0\u00bbon\u00a0\u00bb text_font_icon=\u00a0\u00bb&#x26;||divi||400&Prime; text_icon_pos=\u00a0\u00bbright\u00a0\u00bb text_icon_font_size=\u00a0\u00bb16px\u00a0\u00bb url=\u00a0\u00bbhttps:\/\/ebbinghaus.eu\/kontakt\u00a0\u00bb _builder_version=\u00a0\u00bb4.23&Prime; _module_preset=\u00a0\u00bbdefault\u00a0\u00bb item_font=\u00a0\u00bbopensans|600|||||||\u00a0\u00bb item_text_color=\u00a0\u00bb#FFFFFF\u00a0\u00bb item_font_size=\u00a0\u00bb14px\u00a0\u00bb background_color=\u00a0\u00bb#0a4398&Prime; background_enable_color=\u00a0\u00bbon\u00a0\u00bb custom_padding=\u00a0\u00bb|24px||24px|false|true\u00a0\u00bb global_colors_info=\u00a0\u00bb{}\u00a0\u00bb background__hover_enabled=\u00a0\u00bbon|hover\u00a0\u00bb background_color__hover=\u00a0\u00bb#3f3f3f\u00a0\u00bb background_enable_color__hover=\u00a0\u00bbon\u00a0\u00bb text_icon_padding__hover_enabled=\u00a0\u00bbon|hover\u00a0\u00bb text_icon_padding__hover=\u00a0\u00bb0.8em\u00a0\u00bb direction=\u00a0\u00bbrow\u00a0\u00bb force_fullwidth=\u00a0\u00bboff\u00a0\u00bb][\/et_pb_divimenus_flex_item][\/et_pb_divimenus_flex][\/et_pb_column][\/et_pb_row][\/et_pb_section]<\/p>\n","protected":false},"excerpt":{"rendered":"<p>Gestion de la paie &amp; comptabilit\u00e9 financi\u00e8re pour les entreprisesGestion de la paie &amp; comptabilit\u00e9 financi\u00e8re.Nous comprenons que la comptabilit\u00e9 et le bilan sont au c\u0153ur de toute entreprise, quelle que soit sa taille. Que vous soyez \u00e0 la t\u00eate d&rsquo;une petite start-up, d&rsquo;une entreprise de taille moyenne ou d&rsquo;une grande entreprise, une comptabilit\u00e9 rigoureuse [&hellip;]<\/p>\n","protected":false},"author":1,"featured_media":0,"parent":0,"menu_order":0,"comment_status":"closed","ping_status":"closed","template":"","meta":{"_seopress_robots_primary_cat":"","_seopress_titles_title":"Gestion de la paie & comptabilit\u00e9 financi\u00e8re pour les entreprises","_seopress_titles_desc":"Gestion de la paie & comptabilit\u00e9 financi\u00e8re pour les entreprises - Nous sommes heureux de nous occuper de vos finances et d'\u00eatre \u00e0 vos c\u00f4t\u00e9s.","_seopress_robots_index":"","_seopress_analysis_target_kw":"","_et_pb_use_builder":"on","_et_pb_old_content":"","_et_gb_content_width":"","footnotes":""},"class_list":["post-1946","page","type-page","status-publish","hentry"],"_links":{"self":[{"href":"https:\/\/ebbinghaus.eu\/fr\/wp-json\/wp\/v2\/pages\/1946","targetHints":{"allow":["GET"]}}],"collection":[{"href":"https:\/\/ebbinghaus.eu\/fr\/wp-json\/wp\/v2\/pages"}],"about":[{"href":"https:\/\/ebbinghaus.eu\/fr\/wp-json\/wp\/v2\/types\/page"}],"author":[{"embeddable":true,"href":"https:\/\/ebbinghaus.eu\/fr\/wp-json\/wp\/v2\/users\/1"}],"replies":[{"embeddable":true,"href":"https:\/\/ebbinghaus.eu\/fr\/wp-json\/wp\/v2\/comments?post=1946"}],"version-history":[{"count":3,"href":"https:\/\/ebbinghaus.eu\/fr\/wp-json\/wp\/v2\/pages\/1946\/revisions"}],"predecessor-version":[{"id":1962,"href":"https:\/\/ebbinghaus.eu\/fr\/wp-json\/wp\/v2\/pages\/1946\/revisions\/1962"}],"wp:attachment":[{"href":"https:\/\/ebbinghaus.eu\/fr\/wp-json\/wp\/v2\/media?parent=1946"}],"curies":[{"name":"wp","href":"https:\/\/api.w.org\/{rel}","templated":true}]}}